{"id":775,"date":"2023-12-01T19:22:13","date_gmt":"2023-12-01T19:22:13","guid":{"rendered":"https:\/\/motricidade.com\/bocciaescola\/?page_id=775"},"modified":"2023-12-02T15:37:12","modified_gmt":"2023-12-02T15:37:12","slug":"regulamento-do-boccia-na-escola","status":"publish","type":"page","link":"https:\/\/motricidade.com\/bocciaescola\/regulamento-do-boccia-na-escola\/","title":{"rendered":"Regulamento do Boccia na Escola"},"content":{"rendered":"\n<p><\/p>\n\n\n\n<div class=\"wp-block-group alignfull has-background\" style=\"background-color:#151515\"><div class=\"wp-block-group__inner-container is-layout-constrained wp-block-group-is-layout-constrained\">\n<div class=\"wp-block-media-text alignwide has-media-on-the-right is-stacked-on-mobile is-vertically-aligned-center\" style=\"grid-template-columns:auto 45%\"><div class=\"wp-block-media-text__content\">\n<h2 class=\"wp-block-heading has-text-color\" style=\"color:#ffffff\">Forma\u00e7\u00e3o de Ju\u00edzes-\u00c1rbitros Escolares<\/h2>\n\n\n\n<div style=\"height:30px\" aria-hidden=\"true\" class=\"wp-block-spacer\"><\/div>\n\n\n\n<h4 class=\"wp-block-heading has-text-color\" style=\"color:#ffffff\">&#8211; update 01\/12\/2023<\/h4>\n\n\n\n<div class=\"wp-block-uagb-separator uagb-block-a0d235e5\"><div class=\"wp-block-uagb-separator__inner\" style=\"--my-background-image:\"><\/div><\/div>\n\n\n\n<p class=\"has-text-color\" style=\"color:#e6e6e6\">O plano \u00e9 constitu\u00eddo por quatro (4) fases\/n\u00edveis, com graus de exig\u00eancia progressiva, que devem refletir graus de compet\u00eancia e qualidade de desempenho crescentes. <\/p>\n\n\n\n<div class=\"wp-block-buttons is-layout-flex wp-block-buttons-is-layout-flex\">\n<div class=\"wp-block-button\"><a class=\"wp-block-button__link has-luminous-vivid-orange-background-color has-background wp-element-button\" href=\"https:\/\/drive.google.com\/drive\/folders\/1Pc3ImvEC-RFA9Y1mNRKlEf5f0ydgL-ZF\">Ver Documentos de Apoio<\/a><\/div>\n<\/div>\n\n\n\n<p><\/p>\n<\/div><figure class=\"wp-block-media-text__media\"><img loading=\"lazy\" decoding=\"async\" width=\"512\" height=\"512\" data-attachment-id=\"777\" data-permalink=\"https:\/\/motricidade.com\/bocciaescola\/regulamento-do-boccia-na-escola\/5-1\/\" data-orig-file=\"https:\/\/i0.wp.com\/motricidade.com\/bocciaescola\/wp-content\/uploads\/2023\/12\/5-1.jpg?fit=512%2C512&amp;ssl=1\" data-orig-size=\"512,512\" data-comments-opened=\"1\" data-image-meta=\"{&quot;aperture&quot;:&quot;0&quot;,&quot;credit&quot;:&quot;&quot;,&quot;camera&quot;:&quot;&quot;,&quot;caption&quot;:&quot;&quot;,&quot;created_timestamp&quot;:&quot;0&quot;,&quot;copyright&quot;:&quot;&quot;,&quot;focal_length&quot;:&quot;0&quot;,&quot;iso&quot;:&quot;0&quot;,&quot;shutter_speed&quot;:&quot;0&quot;,&quot;title&quot;:&quot;&quot;,&quot;orientation&quot;:&quot;1&quot;}\" data-image-title=\"5-1\" data-image-description=\"\" data-image-caption=\"\" data-medium-file=\"https:\/\/i0.wp.com\/motricidade.com\/bocciaescola\/wp-content\/uploads\/2023\/12\/5-1.jpg?fit=300%2C300&amp;ssl=1\" data-large-file=\"https:\/\/i0.wp.com\/motricidade.com\/bocciaescola\/wp-content\/uploads\/2023\/12\/5-1.jpg?fit=512%2C512&amp;ssl=1\" src=\"https:\/\/i0.wp.com\/motricidade.com\/bocciaescola\/wp-content\/uploads\/2023\/12\/5-1.jpg?resize=512%2C512&#038;ssl=1\" alt=\"\" class=\"wp-image-777 size-full\" srcset=\"https:\/\/i0.wp.com\/motricidade.com\/bocciaescola\/wp-content\/uploads\/2023\/12\/5-1.jpg?w=512&amp;ssl=1 512w, https:\/\/i0.wp.com\/motricidade.com\/bocciaescola\/wp-content\/uploads\/2023\/12\/5-1.jpg?resize=300%2C300&amp;ssl=1 300w, https:\/\/i0.wp.com\/motricidade.com\/bocciaescola\/wp-content\/uploads\/2023\/12\/5-1.jpg?resize=150%2C150&amp;ssl=1 150w\" sizes=\"auto, (max-width: 512px) 100vw, 512px\" data-recalc-dims=\"1\" \/><\/figure><\/div>\n<\/div><\/div>\n\n\n\n<div class=\"wp-block-uagb-separator uagb-block-fd2ff78e\"><div class=\"wp-block-uagb-separator__inner\" style=\"--my-background-image:\"><\/div><\/div>\n\n\n\n<p><\/p>\n\n\n\n<div class=\"wp-block-group alignfull has-background\" style=\"background-color:#151515\"><div class=\"wp-block-group__inner-container is-layout-flow wp-block-group-is-layout-flow\">\n<div class=\"wp-block-columns alignwide are-vertically-aligned-center is-layout-flex wp-container-core-columns-is-layout-9d6595d7 wp-block-columns-is-layout-flex\">\n<div class=\"wp-block-column is-vertically-aligned-center is-layout-flow wp-block-column-is-layout-flow\" style=\"flex-basis:66.66%\">\n<h2 class=\"wp-block-heading has-text-color\" style=\"color:#ffffff\">Boccia Documento Apoio<\/h2>\n\n\n\n<div class=\"wp-block-uagb-separator uagb-block-351c5c14\"><div class=\"wp-block-uagb-separator__inner\" style=\"--my-background-image:\"><\/div><\/div>\n\n\n\n<p class=\"has-text-color\" style=\"color:#ffffff\">Professor Grupo Equipa (Plano Nacional de Forma\u00e7\u00e3o de Ju\u00edzes-\u00e1rbitros Escolares). Objetivos; Resumo; Procedimentos; Protocolo de Forma\u00e7\u00e3o e Resultados.<\/p>\n<\/div>\n\n\n\n<div class=\"wp-block-column is-vertically-aligned-center is-layout-flow wp-block-column-is-layout-flow\" style=\"flex-basis:33.33%\">\n<div class=\"wp-block-buttons is-horizontal is-content-justification-center is-layout-flex wp-container-core-buttons-is-layout-499968f5 wp-block-buttons-is-layout-flex\">\n<div class=\"wp-block-button\"><a class=\"wp-block-button__link has-white-color has-luminous-vivid-orange-background-color has-text-color has-background wp-element-button\" href=\"https:\/\/desportoescolar.dge.medu.pt\/sites\/default\/files\/RepositorioDocumentos\/2023\/nivel1docapoioprofgeboccia.pdf\" target=\"_blank\" rel=\"noreferrer noopener\">Abrir pdf (aqui)<\/a><\/div>\n<\/div>\n<\/div>\n<\/div>\n<\/div><\/div>\n\n\n\n<div class=\"wp-block-uagb-separator uagb-block-b9a3599c\"><div class=\"wp-block-uagb-separator__inner\" style=\"--my-background-image:\"><\/div><\/div>\n\n\n\n<p>Forma\u00e7\u00e3o &#8211; N\u00edvel.2 em v\u00eddeo:<\/p>\n\n\n\n<figure class=\"wp-block-embed is-type-video is-provider-youtube wp-block-embed-youtube wp-embed-aspect-16-9 wp-has-aspect-ratio\"><div class=\"wp-block-embed__wrapper\">\n<div class=\"jetpack-video-wrapper\"><iframe loading=\"lazy\" title=\"Boccia - Forma\u00e7\u00e3o de Ju\u00edzes-\u00c1rbitros - Desporto Escolar\" width=\"1170\" height=\"658\" src=\"https:\/\/www.youtube.com\/embed\/tW8CxOQ-oAw?feature=oembed\" frameborder=\"0\" allow=\"accelerometer; autoplay; clipboard-write; encrypted-media; gyroscope; picture-in-picture; web-share\" allowfullscreen><\/iframe><\/div>\n<\/div><\/figure>\n<div class=\"pvc_clear\"><\/div><p id=\"pvc_stats_775\" class=\"pvc_stats all  \" data-element-id=\"775\" style=\"\"><i class=\"pvc-stats-icon medium\" aria-hidden=\"true\"><svg aria-hidden=\"true\" focusable=\"false\" data-prefix=\"far\" data-icon=\"chart-bar\" role=\"img\" xmlns=\"http:\/\/www.w3.org\/2000\/svg\" viewBox=\"0 0 512 512\" class=\"svg-inline--fa fa-chart-bar fa-w-16 fa-2x\"><path fill=\"currentColor\" d=\"M396.8 352h22.4c6.4 0 12.8-6.4 12.8-12.8V108.8c0-6.4-6.4-12.8-12.8-12.8h-22.4c-6.4 0-12.8 6.4-12.8 12.8v230.4c0 6.4 6.4 12.8 12.8 12.8zm-192 0h22.4c6.4 0 12.8-6.4 12.8-12.8V140.8c0-6.4-6.4-12.8-12.8-12.8h-22.4c-6.4 0-12.8 6.4-12.8 12.8v198.4c0 6.4 6.4 12.8 12.8 12.8zm96 0h22.4c6.4 0 12.8-6.4 12.8-12.8V204.8c0-6.4-6.4-12.8-12.8-12.8h-22.4c-6.4 0-12.8 6.4-12.8 12.8v134.4c0 6.4 6.4 12.8 12.8 12.8zM496 400H48V80c0-8.84-7.16-16-16-16H16C7.16 64 0 71.16 0 80v336c0 17.67 14.33 32 32 32h464c8.84 0 16-7.16 16-16v-16c0-8.84-7.16-16-16-16zm-387.2-48h22.4c6.4 0 12.8-6.4 12.8-12.8v-70.4c0-6.4-6.4-12.8-12.8-12.8h-22.4c-6.4 0-12.8 6.4-12.8 12.8v70.4c0 6.4 6.4 12.8 12.8 12.8z\" class=\"\"><\/path><\/svg><\/i> <img loading=\"lazy\" decoding=\"async\" width=\"16\" height=\"16\" alt=\"Loading\" src=\"https:\/\/i0.wp.com\/motricidade.com\/bocciaescola\/wp-content\/plugins\/page-views-count\/ajax-loader-2x.gif?resize=16%2C16&#038;ssl=1\" border=0 data-recalc-dims=\"1\" \/><\/p><div class=\"pvc_clear\"><\/div>","protected":false},"excerpt":{"rendered":"<p>Forma\u00e7\u00e3o de Ju\u00edzes-\u00c1rbitros Escolares &#8211; update 01\/12\/2023 O plano \u00e9 constitu\u00eddo por quatro (4) fases\/n\u00edveis, com graus de exig\u00eancia progressiva, que devem refletir graus de compet\u00eancia e qualidade de desempenho crescentes. Boccia Documento Apoio Professor Grupo Equipa (Plano Nacional de Forma\u00e7\u00e3o de Ju\u00edzes-\u00e1rbitros Escolares). Objetivos; Resumo; Procedimentos; Protocolo de Forma\u00e7\u00e3o e Resultados. Forma\u00e7\u00e3o &#8211; N\u00edvel.2 [&hellip;]<\/p>\n<div class=\"pvc_clear\"><\/div>\n<p id=\"pvc_stats_775\" class=\"pvc_stats all  \" data-element-id=\"775\" style=\"\"><i class=\"pvc-stats-icon medium\" aria-hidden=\"true\"><svg aria-hidden=\"true\" focusable=\"false\" data-prefix=\"far\" data-icon=\"chart-bar\" role=\"img\" xmlns=\"http:\/\/www.w3.org\/2000\/svg\" viewBox=\"0 0 512 512\" class=\"svg-inline--fa fa-chart-bar fa-w-16 fa-2x\"><path fill=\"currentColor\" d=\"M396.8 352h22.4c6.4 0 12.8-6.4 12.8-12.8V108.8c0-6.4-6.4-12.8-12.8-12.8h-22.4c-6.4 0-12.8 6.4-12.8 12.8v230.4c0 6.4 6.4 12.8 12.8 12.8zm-192 0h22.4c6.4 0 12.8-6.4 12.8-12.8V140.8c0-6.4-6.4-12.8-12.8-12.8h-22.4c-6.4 0-12.8 6.4-12.8 12.8v198.4c0 6.4 6.4 12.8 12.8 12.8zm96 0h22.4c6.4 0 12.8-6.4 12.8-12.8V204.8c0-6.4-6.4-12.8-12.8-12.8h-22.4c-6.4 0-12.8 6.4-12.8 12.8v134.4c0 6.4 6.4 12.8 12.8 12.8zM496 400H48V80c0-8.84-7.16-16-16-16H16C7.16 64 0 71.16 0 80v336c0 17.67 14.33 32 32 32h464c8.84 0 16-7.16 16-16v-16c0-8.84-7.16-16-16-16zm-387.2-48h22.4c6.4 0 12.8-6.4 12.8-12.8v-70.4c0-6.4-6.4-12.8-12.8-12.8h-22.4c-6.4 0-12.8 6.4-12.8 12.8v70.4c0 6.4 6.4 12.8 12.8 12.8z\" class=\"\"><\/path><\/svg><\/i> <img loading=\"lazy\" decoding=\"async\" width=\"16\" height=\"16\" alt=\"Loading\" src=\"https:\/\/motricidade.com\/bocciaescola\/wp-content\/plugins\/page-views-count\/ajax-loader-2x.gif\" border=0 \/><\/p>\n<div class=\"pvc_clear\"><\/div>\n","protected":false},"author":1,"featured_media":0,"parent":0,"menu_order":0,"comment_status":"closed","ping_status":"closed","template":"templates\/template_page-full-width.php","meta":{"_uag_custom_page_level_css":"","advanced_seo_description":"","jetpack_seo_html_title":"","jetpack_seo_noindex":false,"footnotes":""},"class_list":["post-775","page","type-page","status-publish","hentry"],"uagb_featured_image_src":{"full":false,"thumbnail":false,"medium":false,"medium_large":false,"large":false,"1536x1536":false,"2048x2048":false},"uagb_author_info":{"display_name":"motricidade","author_link":"https:\/\/motricidade.com\/bocciaescola\/author\/motricidade\/"},"uagb_comment_info":0,"uagb_excerpt":"Forma\u00e7\u00e3o de Ju\u00edzes-\u00c1rbitros Escolares &#8211; update 01\/12\/2023 O plano \u00e9 constitu\u00eddo por quatro (4) fases\/n\u00edveis, com graus de exig\u00eancia progressiva, que devem refletir graus de compet\u00eancia e qualidade de desempenho crescentes. Boccia Documento Apoio Professor Grupo Equipa (Plano Nacional de Forma\u00e7\u00e3o de Ju\u00edzes-\u00e1rbitros Escolares). Objetivos; Resumo; Procedimentos; Protocolo de Forma\u00e7\u00e3o e Resultados. Forma\u00e7\u00e3o &#8211; N\u00edvel.2&hellip;","jetpack-related-posts":[],"jetpack_sharing_enabled":true,"_links":{"self":[{"href":"https:\/\/motricidade.com\/bocciaescola\/wp-json\/wp\/v2\/pages\/775","targetHints":{"allow":["GET"]}}],"collection":[{"href":"https:\/\/motricidade.com\/bocciaescola\/wp-json\/wp\/v2\/pages"}],"about":[{"href":"https:\/\/motricidade.com\/bocciaescola\/wp-json\/wp\/v2\/types\/page"}],"author":[{"embeddable":true,"href":"https:\/\/motricidade.com\/bocciaescola\/wp-json\/wp\/v2\/users\/1"}],"replies":[{"embeddable":true,"href":"https:\/\/motricidade.com\/bocciaescola\/wp-json\/wp\/v2\/comments?post=775"}],"version-history":[{"count":7,"href":"https:\/\/motricidade.com\/bocciaescola\/wp-json\/wp\/v2\/pages\/775\/revisions"}],"predecessor-version":[{"id":788,"href":"https:\/\/motricidade.com\/bocciaescola\/wp-json\/wp\/v2\/pages\/775\/revisions\/788"}],"wp:attachment":[{"href":"https:\/\/motricidade.com\/bocciaescola\/wp-json\/wp\/v2\/media?parent=775"}],"curies":[{"name":"wp","href":"https:\/\/api.w.org\/{rel}","templated":true}]}}