{"id":760,"date":"2022-09-09T14:14:37","date_gmt":"2022-09-09T14:14:37","guid":{"rendered":"https:\/\/motricidade.com\/efescola\/?page_id=760"},"modified":"2023-12-30T12:58:16","modified_gmt":"2023-12-30T12:58:16","slug":"futebol","status":"publish","type":"page","link":"https:\/\/motricidade.com\/efescola\/futebol\/","title":{"rendered":"Futebol"},"content":{"rendered":"\n<div class=\"wp-block-buttons is-layout-flex wp-block-buttons-is-layout-flex\">\n<div class=\"wp-block-button has-custom-width wp-block-button__width-25 has-custom-font-size has-small-font-size\"><a class=\"wp-block-button__link has-luminous-vivid-orange-background-color has-background wp-element-button\" href=\"https:\/\/motricidade.com\/efescola\/modalidades\/\">&lt;&lt; voltar &#8220;Modalidades&#8221;<\/a><\/div>\n<\/div>\n\n\n\n<figure class=\"wp-block-table\"><table><tbody><tr><td><img decoding=\"async\" src=\"https:\/\/i0.wp.com\/motricidade.com\/aulas_EF\/imagens_apoio\/icon_desp\/Soccer-Ball-icon.png?w=1170&#038;ssl=1\" alt=\"\" data-recalc-dims=\"1\"><\/td><td><img decoding=\"async\" src=\"https:\/\/i0.wp.com\/motricidade.com\/aulas_EF\/imagens_apoio\/icon_desp\/football-icon6.png?w=1170&#038;ssl=1\" alt=\"\" data-recalc-dims=\"1\"><\/td><\/tr><\/tbody><\/table><\/figure>\n\n\n\n<div class=\"wp-block-columns is-layout-flex wp-container-core-columns-is-layout-9d6595d7 wp-block-columns-is-layout-flex\">\n<div class=\"wp-block-column is-layout-flow wp-block-column-is-layout-flow\" style=\"flex-basis:33.33%\">\n<figure class=\"wp-block-image size-large is-resized\"><img decoding=\"async\" src=\"https:\/\/i0.wp.com\/motricidade.com\/aulas_EF\/imagens_apoio\/icon-File-History.png?w=1170&#038;ssl=1\" alt=\"\" style=\"width:118px;height:118px\" data-recalc-dims=\"1\"\/><\/figure>\n<\/div>\n\n\n\n<div class=\"wp-block-column is-layout-flow wp-block-column-is-layout-flow\" style=\"flex-basis:66.66%\">\n<figure class=\"wp-block-table\"><table><tbody><tr><td><br>&#8220;O futebol de sal\u00e3o come\u00e7ou a ser praticado em 1930 na cidade de S\u00e3o Paulo, no Brasil, e em Montevideu, no Uruguai. Devido \u00e0 dificuldade em encontrar campos de futebol, improvisaram jogos nos campos de basquetebol e h\u00f3quei, aproveitando as traves usadas na pr\u00e1tica deste \u00faltimo desporto.<br><br>Em Portugal, tudo come\u00e7ou na d\u00e9cada de 80, altura em que, sobretudo no ver\u00e3o, se realizavam grandes torneios de futebol de sal\u00e3o. Cada organiza\u00e7\u00e3o realizava as suas provas, sempre na perspetiva de angaria\u00e7\u00e3o de receitas extraordin\u00e1rias para fazer face \u00e0s despesas das modalidades dos clubes. Foi durante uma conversa num pavilh\u00e3o que um grupo de pessoas come\u00e7ou a equacionar a possibilidade de se organizarem provas (torneios), onde as regras fossem as mesmas, j\u00e1 que todos os torneios tinham regras e regulamentos diferentes, e sobretudo onde o produto da organiza\u00e7\u00e3o fosse em proveito de todos&#8221;.<\/td><\/tr><\/tbody><\/table><\/figure>\n\n\n\n<p>Fonte: <a href=\"https:\/\/desportoescolar.dge.mec.pt\/\" target=\"_blank\" rel=\"noreferrer noopener\">Desporto Escolar DGE<\/a>.<\/p>\n<\/div>\n<\/div>\n\n\n\n<div class=\"wp-block-media-text alignwide is-stacked-on-mobile\" style=\"grid-template-columns:15% auto\"><figure class=\"wp-block-media-text__media\"><img loading=\"lazy\" decoding=\"async\" width=\"256\" height=\"256\" data-attachment-id=\"735\" data-permalink=\"https:\/\/motricidade.com\/efescola\/basquetebol\/icon-document\/\" data-orig-file=\"https:\/\/i0.wp.com\/motricidade.com\/efescola\/wp-content\/uploads\/2022\/09\/icon-Document.png?fit=256%2C256&amp;ssl=1\" data-orig-size=\"256,256\" data-comments-opened=\"1\" data-image-meta=\"{&quot;aperture&quot;:&quot;0&quot;,&quot;credit&quot;:&quot;&quot;,&quot;camera&quot;:&quot;&quot;,&quot;caption&quot;:&quot;&quot;,&quot;created_timestamp&quot;:&quot;0&quot;,&quot;copyright&quot;:&quot;&quot;,&quot;focal_length&quot;:&quot;0&quot;,&quot;iso&quot;:&quot;0&quot;,&quot;shutter_speed&quot;:&quot;0&quot;,&quot;title&quot;:&quot;&quot;,&quot;orientation&quot;:&quot;0&quot;}\" data-image-title=\"icon-Document\" data-image-description=\"\" data-image-caption=\"\" data-medium-file=\"https:\/\/i0.wp.com\/motricidade.com\/efescola\/wp-content\/uploads\/2022\/09\/icon-Document.png?fit=256%2C256&amp;ssl=1\" data-large-file=\"https:\/\/i0.wp.com\/motricidade.com\/efescola\/wp-content\/uploads\/2022\/09\/icon-Document.png?fit=256%2C256&amp;ssl=1\" src=\"https:\/\/i0.wp.com\/motricidade.com\/efescola\/wp-content\/uploads\/2022\/09\/icon-Document.png?resize=256%2C256&#038;ssl=1\" alt=\"\" class=\"wp-image-735 size-full\" srcset=\"https:\/\/i0.wp.com\/motricidade.com\/efescola\/wp-content\/uploads\/2022\/09\/icon-Document.png?w=256&amp;ssl=1 256w, https:\/\/i0.wp.com\/motricidade.com\/efescola\/wp-content\/uploads\/2022\/09\/icon-Document.png?resize=150%2C150&amp;ssl=1 150w\" sizes=\"auto, (max-width: 256px) 100vw, 256px\" data-recalc-dims=\"1\" \/><\/figure><div class=\"wp-block-media-text__content\"><div class=\"wp-block-image\">\n<figure class=\"alignleft size-full\"><a href=\"https:\/\/motricidade.com\/aulas_EF\/textos_apoio\/Documento_de_apoio_n9_futebol11.pdf\" target=\"_blank\" rel=\"noreferrer noopener\"><img loading=\"lazy\" decoding=\"async\" width=\"128\" height=\"128\" data-attachment-id=\"702\" data-permalink=\"https:\/\/motricidade.com\/efescola\/atletismo\/icon-document-pdf-1\/\" data-orig-file=\"https:\/\/i0.wp.com\/motricidade.com\/efescola\/wp-content\/uploads\/2022\/09\/icon-document-pdf-1.png?fit=128%2C128&amp;ssl=1\" data-orig-size=\"128,128\" data-comments-opened=\"1\" data-image-meta=\"{&quot;aperture&quot;:&quot;0&quot;,&quot;credit&quot;:&quot;&quot;,&quot;camera&quot;:&quot;&quot;,&quot;caption&quot;:&quot;&quot;,&quot;created_timestamp&quot;:&quot;0&quot;,&quot;copyright&quot;:&quot;&quot;,&quot;focal_length&quot;:&quot;0&quot;,&quot;iso&quot;:&quot;0&quot;,&quot;shutter_speed&quot;:&quot;0&quot;,&quot;title&quot;:&quot;&quot;,&quot;orientation&quot;:&quot;0&quot;}\" data-image-title=\"icon-document-pdf-1\" data-image-description=\"\" data-image-caption=\"\" data-medium-file=\"https:\/\/i0.wp.com\/motricidade.com\/efescola\/wp-content\/uploads\/2022\/09\/icon-document-pdf-1.png?fit=128%2C128&amp;ssl=1\" data-large-file=\"https:\/\/i0.wp.com\/motricidade.com\/efescola\/wp-content\/uploads\/2022\/09\/icon-document-pdf-1.png?fit=128%2C128&amp;ssl=1\" src=\"https:\/\/i0.wp.com\/motricidade.com\/efescola\/wp-content\/uploads\/2022\/09\/icon-document-pdf-1.png?resize=128%2C128&#038;ssl=1\" alt=\"\" class=\"wp-image-702\" data-recalc-dims=\"1\"\/><\/a><figcaption class=\"wp-element-caption\">Resumo do professor<\/figcaption><\/figure>\n<\/div><\/div><\/div>\n\n\n\n<div class=\"wp-block-columns is-layout-flex wp-container-core-columns-is-layout-9d6595d7 wp-block-columns-is-layout-flex\">\n<div class=\"wp-block-column is-layout-flow wp-block-column-is-layout-flow\" style=\"flex-basis:33.33%\">\n<figure class=\"wp-block-image size-large is-resized\"><img decoding=\"async\" src=\"https:\/\/i0.wp.com\/motricidade.com\/aulas_EF\/imagens_apoio\/navegar.png?w=1170&#038;ssl=1\" alt=\"\" style=\"width:116px;height:116px\" data-recalc-dims=\"1\"\/><\/figure>\n<\/div>\n\n\n\n<div class=\"wp-block-column is-layout-flow wp-block-column-is-layout-flow\" style=\"flex-basis:66.66%\"><div class=\"wp-block-image\">\n<figure class=\"alignleft size-full\"><a href=\"https:\/\/motricidade.com\/aulas_EF\/conteudos\/doc-conteudos%20_futsala_5to12.pdf\" target=\"_blank\" rel=\"noreferrer noopener\"><img loading=\"lazy\" decoding=\"async\" width=\"128\" height=\"128\" data-attachment-id=\"702\" data-permalink=\"https:\/\/motricidade.com\/efescola\/atletismo\/icon-document-pdf-1\/\" data-orig-file=\"https:\/\/i0.wp.com\/motricidade.com\/efescola\/wp-content\/uploads\/2022\/09\/icon-document-pdf-1.png?fit=128%2C128&amp;ssl=1\" data-orig-size=\"128,128\" data-comments-opened=\"1\" data-image-meta=\"{&quot;aperture&quot;:&quot;0&quot;,&quot;credit&quot;:&quot;&quot;,&quot;camera&quot;:&quot;&quot;,&quot;caption&quot;:&quot;&quot;,&quot;created_timestamp&quot;:&quot;0&quot;,&quot;copyright&quot;:&quot;&quot;,&quot;focal_length&quot;:&quot;0&quot;,&quot;iso&quot;:&quot;0&quot;,&quot;shutter_speed&quot;:&quot;0&quot;,&quot;title&quot;:&quot;&quot;,&quot;orientation&quot;:&quot;0&quot;}\" data-image-title=\"icon-document-pdf-1\" data-image-description=\"\" data-image-caption=\"\" data-medium-file=\"https:\/\/i0.wp.com\/motricidade.com\/efescola\/wp-content\/uploads\/2022\/09\/icon-document-pdf-1.png?fit=128%2C128&amp;ssl=1\" data-large-file=\"https:\/\/i0.wp.com\/motricidade.com\/efescola\/wp-content\/uploads\/2022\/09\/icon-document-pdf-1.png?fit=128%2C128&amp;ssl=1\" src=\"https:\/\/i0.wp.com\/motricidade.com\/efescola\/wp-content\/uploads\/2022\/09\/icon-document-pdf-1.png?resize=128%2C128&#038;ssl=1\" alt=\"\" class=\"wp-image-702\" data-recalc-dims=\"1\"\/><\/a><figcaption class=\"wp-element-caption\">O que vamos fazer?<\/figcaption><\/figure>\n<\/div><\/div>\n<\/div>\n\n\n\n<div class=\"wp-block-media-text alignwide is-stacked-on-mobile\" style=\"grid-template-columns:15% auto\"><figure class=\"wp-block-media-text__media\"><img loading=\"lazy\" decoding=\"async\" width=\"128\" height=\"128\" data-attachment-id=\"711\" data-permalink=\"https:\/\/motricidade.com\/efescola\/atletismo\/icon_video\/\" data-orig-file=\"https:\/\/i0.wp.com\/motricidade.com\/efescola\/wp-content\/uploads\/2022\/09\/icon_video.png?fit=128%2C128&amp;ssl=1\" data-orig-size=\"128,128\" data-comments-opened=\"1\" data-image-meta=\"{&quot;aperture&quot;:&quot;0&quot;,&quot;credit&quot;:&quot;&quot;,&quot;camera&quot;:&quot;&quot;,&quot;caption&quot;:&quot;&quot;,&quot;created_timestamp&quot;:&quot;0&quot;,&quot;copyright&quot;:&quot;&quot;,&quot;focal_length&quot;:&quot;0&quot;,&quot;iso&quot;:&quot;0&quot;,&quot;shutter_speed&quot;:&quot;0&quot;,&quot;title&quot;:&quot;&quot;,&quot;orientation&quot;:&quot;0&quot;}\" data-image-title=\"icon_video\" data-image-description=\"\" data-image-caption=\"\" data-medium-file=\"https:\/\/i0.wp.com\/motricidade.com\/efescola\/wp-content\/uploads\/2022\/09\/icon_video.png?fit=128%2C128&amp;ssl=1\" data-large-file=\"https:\/\/i0.wp.com\/motricidade.com\/efescola\/wp-content\/uploads\/2022\/09\/icon_video.png?fit=128%2C128&amp;ssl=1\" src=\"https:\/\/i0.wp.com\/motricidade.com\/efescola\/wp-content\/uploads\/2022\/09\/icon_video.png?resize=128%2C128&#038;ssl=1\" alt=\"\" class=\"wp-image-711 size-full\" data-recalc-dims=\"1\"\/><\/figure><div class=\"wp-block-media-text__content\">\n<p><\/p>\n\n\n\n<figure class=\"wp-block-image size-large\"><img decoding=\"async\" src=\"https:\/\/i0.wp.com\/motricidade.com\/aulas_EF\/imagens_apoio\/icon_desp\/futebol11.png?w=1170\" alt=\"\" data-recalc-dims=\"1\"\/><figcaption class=\"wp-element-caption\">Fonte: <strong>AFPBR<\/strong><\/figcaption><\/figure>\n\n\n\n<figure class=\"wp-block-embed is-type-video is-provider-youtube wp-block-embed-youtube wp-embed-aspect-16-9 wp-has-aspect-ratio\"><div class=\"wp-block-embed__wrapper\">\n<div class=\"jetpack-video-wrapper\"><iframe loading=\"lazy\" title=\"JOGADAS M\u00c1GICAS DE CRISTIANO RONALDO\" width=\"1170\" height=\"658\" src=\"https:\/\/www.youtube.com\/embed\/eE1NEt7jyA4?feature=oembed\" frameborder=\"0\" allow=\"accelerometer; autoplay; clipboard-write; encrypted-media; gyroscope; picture-in-picture; web-share\" allowfullscreen><\/iframe><\/div>\n<\/div><\/figure>\n\n\n\n<figure class=\"wp-block-embed is-type-video is-provider-youtube wp-block-embed-youtube wp-embed-aspect-16-9 wp-has-aspect-ratio\"><div class=\"wp-block-embed__wrapper\">\n<div class=\"jetpack-video-wrapper\"><iframe loading=\"lazy\" title=\"Futsal \u25cf Magic Skills and Tricks |HD|\" width=\"1170\" height=\"658\" src=\"https:\/\/www.youtube.com\/embed\/NBB8PDenGJM?feature=oembed\" frameborder=\"0\" allow=\"accelerometer; autoplay; clipboard-write; encrypted-media; gyroscope; picture-in-picture; web-share\" allowfullscreen><\/iframe><\/div>\n<\/div><\/figure>\n<\/div><\/div>\n\n\n\n<div class=\"wp-block-media-text alignwide is-stacked-on-mobile\" style=\"grid-template-columns:15% auto\"><figure class=\"wp-block-media-text__media\"><img loading=\"lazy\" decoding=\"async\" width=\"256\" height=\"256\" data-attachment-id=\"715\" data-permalink=\"https:\/\/motricidade.com\/efescola\/atletismo\/icon-photo\/\" data-orig-file=\"https:\/\/i0.wp.com\/motricidade.com\/efescola\/wp-content\/uploads\/2022\/09\/icon-photo.png?fit=256%2C256&amp;ssl=1\" data-orig-size=\"256,256\" data-comments-opened=\"1\" data-image-meta=\"{&quot;aperture&quot;:&quot;0&quot;,&quot;credit&quot;:&quot;&quot;,&quot;camera&quot;:&quot;&quot;,&quot;caption&quot;:&quot;&quot;,&quot;created_timestamp&quot;:&quot;0&quot;,&quot;copyright&quot;:&quot;&quot;,&quot;focal_length&quot;:&quot;0&quot;,&quot;iso&quot;:&quot;0&quot;,&quot;shutter_speed&quot;:&quot;0&quot;,&quot;title&quot;:&quot;&quot;,&quot;orientation&quot;:&quot;0&quot;}\" data-image-title=\"icon-photo\" data-image-description=\"\" data-image-caption=\"\" data-medium-file=\"https:\/\/i0.wp.com\/motricidade.com\/efescola\/wp-content\/uploads\/2022\/09\/icon-photo.png?fit=256%2C256&amp;ssl=1\" data-large-file=\"https:\/\/i0.wp.com\/motricidade.com\/efescola\/wp-content\/uploads\/2022\/09\/icon-photo.png?fit=256%2C256&amp;ssl=1\" src=\"https:\/\/i0.wp.com\/motricidade.com\/efescola\/wp-content\/uploads\/2022\/09\/icon-photo.png?resize=256%2C256&#038;ssl=1\" alt=\"\" class=\"wp-image-715 size-full\" srcset=\"https:\/\/i0.wp.com\/motricidade.com\/efescola\/wp-content\/uploads\/2022\/09\/icon-photo.png?w=256&amp;ssl=1 256w, https:\/\/i0.wp.com\/motricidade.com\/efescola\/wp-content\/uploads\/2022\/09\/icon-photo.png?resize=150%2C150&amp;ssl=1 150w\" sizes=\"auto, (max-width: 256px) 100vw, 256px\" data-recalc-dims=\"1\" \/><\/figure><div class=\"wp-block-media-text__content\">\n<p><\/p>\n\n\n\n<figure class=\"wp-block-image size-large\"><img decoding=\"async\" src=\"https:\/\/upload.wikimedia.org\/wikipedia\/commons\/thumb\/a\/a7\/Calcio_fiorentino_1688.jpg\/1024px-Calcio_fiorentino_1688.jpg\" alt=\"\"\/><figcaption class=\"wp-element-caption\">Uma representa\u00e7\u00e3o do&nbsp;<a href=\"https:\/\/pt.wikipedia.org\/wiki\/Calcio_fiorentino\">calcio fiorentino<\/a>&nbsp;durante o&nbsp;<a href=\"https:\/\/pt.wikipedia.org\/wiki\/S%C3%A9culo_XVII\">s\u00e9culo XVII<\/a>&nbsp;(1688).<\/figcaption><\/figure>\n<\/div><\/div>\n\n\n\n<div class=\"wp-block-buttons is-layout-flex wp-block-buttons-is-layout-flex\">\n<div class=\"wp-block-button has-custom-width wp-block-button__width-25 has-custom-font-size has-small-font-size\"><a class=\"wp-block-button__link has-luminous-vivid-orange-background-color has-background wp-element-button\" href=\"https:\/\/motricidade.com\/efescola\/modalidades\/\">&lt;&lt; voltar &#8220;Modalidades&#8221;<\/a><\/div>\n<\/div>\n<div class=\"pvc_clear\"><\/div><p class=\"pvc_stats all \" data-element-id=\"760\" style=\"\"><i class=\"pvc-stats-icon medium\" aria-hidden=\"true\"><svg aria-hidden=\"true\" focusable=\"false\" data-prefix=\"far\" data-icon=\"chart-bar\" role=\"img\" xmlns=\"http:\/\/www.w3.org\/2000\/svg\" viewBox=\"0 0 512 512\" class=\"svg-inline--fa fa-chart-bar fa-w-16 fa-2x\"><path fill=\"currentColor\" d=\"M396.8 352h22.4c6.4 0 12.8-6.4 12.8-12.8V108.8c0-6.4-6.4-12.8-12.8-12.8h-22.4c-6.4 0-12.8 6.4-12.8 12.8v230.4c0 6.4 6.4 12.8 12.8 12.8zm-192 0h22.4c6.4 0 12.8-6.4 12.8-12.8V140.8c0-6.4-6.4-12.8-12.8-12.8h-22.4c-6.4 0-12.8 6.4-12.8 12.8v198.4c0 6.4 6.4 12.8 12.8 12.8zm96 0h22.4c6.4 0 12.8-6.4 12.8-12.8V204.8c0-6.4-6.4-12.8-12.8-12.8h-22.4c-6.4 0-12.8 6.4-12.8 12.8v134.4c0 6.4 6.4 12.8 12.8 12.8zM496 400H48V80c0-8.84-7.16-16-16-16H16C7.16 64 0 71.16 0 80v336c0 17.67 14.33 32 32 32h464c8.84 0 16-7.16 16-16v-16c0-8.84-7.16-16-16-16zm-387.2-48h22.4c6.4 0 12.8-6.4 12.8-12.8v-70.4c0-6.4-6.4-12.8-12.8-12.8h-22.4c-6.4 0-12.8 6.4-12.8 12.8v70.4c0 6.4 6.4 12.8 12.8 12.8z\" class=\"\"><\/path><\/svg><\/i> &nbsp;829&nbsp;total views, &nbsp;2&nbsp;views today<\/p><div class=\"pvc_clear\"><\/div><div class=\"sharedaddy sd-sharing-enabled\"><div class=\"robots-nocontent sd-block sd-social sd-social-official sd-sharing\"><h3 class=\"sd-title\">Share this:<\/h3><div class=\"sd-content\"><ul><li class=\"share-twitter\"><a href=\"https:\/\/twitter.com\/share\" class=\"twitter-share-button\" data-url=\"https:\/\/motricidade.com\/efescola\/futebol\/\" data-text=\"Futebol\"  >Tweet<\/a><\/li><li class=\"share-facebook\"><div class=\"fb-share-button\" data-href=\"https:\/\/motricidade.com\/efescola\/futebol\/\" data-layout=\"button_count\"><\/div><\/li><li class=\"share-telegram\"><a rel=\"nofollow noopener noreferrer\" data-shared=\"\" class=\"share-telegram sd-button\" href=\"https:\/\/motricidade.com\/efescola\/futebol\/?share=telegram\" target=\"_blank\" title=\"Click to share on Telegram\" ><span>Telegram<\/span><\/a><\/li><li class=\"share-print\"><a rel=\"nofollow noopener noreferrer\" data-shared=\"\" class=\"share-print sd-button\" href=\"https:\/\/motricidade.com\/efescola\/futebol\/\" target=\"_blank\" title=\"Click to print\" ><span>Print<\/span><\/a><\/li><li class=\"share-pinterest\"><div class=\"pinterest_button\"><a href=\"https:\/\/www.pinterest.com\/pin\/create\/button\/?url=https%3A%2F%2Fmotricidade.com%2Fefescola%2Ffutebol%2F&#038;media=https%3A%2F%2Fmotricidade.com%2Fefescola%2Fwp-content%2Fuploads%2F2022%2F09%2Ficon-Document.png&#038;description=Futebol\" data-pin-do=\"buttonPin\" data-pin-config=\"beside\"><img src=\"https:\/\/i0.wp.com\/assets.pinterest.com\/images\/pidgets\/pinit_fg_en_rect_gray_20.png?w=1170\" data-recalc-dims=\"1\" \/><\/a><\/div><\/li><li class=\"share-email\"><a rel=\"nofollow noopener noreferrer\" data-shared=\"\" class=\"share-email sd-button\" href=\"mailto:?subject=%5BShared%20Post%5D%20Futebol&body=https%3A%2F%2Fmotricidade.com%2Fefescola%2Ffutebol%2F&share=email\" target=\"_blank\" title=\"Click to email a link to a friend\" data-email-share-error-title=\"Do you have email set up?\" data-email-share-error-text=\"If you&#039;re having problems sharing via email, you might not have email set up for your browser. You may need to create a new email yourself.\" data-email-share-nonce=\"d4faa93585\" data-email-share-track-url=\"https:\/\/motricidade.com\/efescola\/futebol\/?share=email\"><span>Email<\/span><\/a><\/li><li class=\"share-jetpack-whatsapp\"><a rel=\"nofollow noopener noreferrer\" data-shared=\"\" class=\"share-jetpack-whatsapp sd-button\" href=\"https:\/\/motricidade.com\/efescola\/futebol\/?share=jetpack-whatsapp\" target=\"_blank\" title=\"Click to share on WhatsApp\" ><span>WhatsApp<\/span><\/a><\/li><li class=\"share-linkedin\"><div class=\"linkedin_button\"><script type=\"in\/share\" data-url=\"https:\/\/motricidade.com\/efescola\/futebol\/\" data-counter=\"right\"><\/script><\/div><\/li><li class=\"share-end\"><\/li><\/ul><\/div><\/div><\/div>","protected":false},"excerpt":{"rendered":"<p>&#8220;O futebol de sal\u00e3o come\u00e7ou a ser praticado em 1930 na cidade de S\u00e3o Paulo, no Brasil, e em Montevideu, no Uruguai. Devido \u00e0 dificuldade em encontrar campos de futebol, improvisaram jogos nos campos de basquetebol e h\u00f3quei, aproveitando as traves usadas na pr\u00e1tica deste \u00faltimo desporto. Em Portugal, tudo come\u00e7ou na d\u00e9cada de 80, [&hellip;]<\/p>\n<div class=\"pvc_clear\"><\/div>\n<p class=\"pvc_stats all \" data-element-id=\"760\" style=\"\"><i class=\"pvc-stats-icon medium\" aria-hidden=\"true\"><svg aria-hidden=\"true\" focusable=\"false\" data-prefix=\"far\" data-icon=\"chart-bar\" role=\"img\" xmlns=\"http:\/\/www.w3.org\/2000\/svg\" viewBox=\"0 0 512 512\" class=\"svg-inline--fa fa-chart-bar fa-w-16 fa-2x\"><path fill=\"currentColor\" d=\"M396.8 352h22.4c6.4 0 12.8-6.4 12.8-12.8V108.8c0-6.4-6.4-12.8-12.8-12.8h-22.4c-6.4 0-12.8 6.4-12.8 12.8v230.4c0 6.4 6.4 12.8 12.8 12.8zm-192 0h22.4c6.4 0 12.8-6.4 12.8-12.8V140.8c0-6.4-6.4-12.8-12.8-12.8h-22.4c-6.4 0-12.8 6.4-12.8 12.8v198.4c0 6.4 6.4 12.8 12.8 12.8zm96 0h22.4c6.4 0 12.8-6.4 12.8-12.8V204.8c0-6.4-6.4-12.8-12.8-12.8h-22.4c-6.4 0-12.8 6.4-12.8 12.8v134.4c0 6.4 6.4 12.8 12.8 12.8zM496 400H48V80c0-8.84-7.16-16-16-16H16C7.16 64 0 71.16 0 80v336c0 17.67 14.33 32 32 32h464c8.84 0 16-7.16 16-16v-16c0-8.84-7.16-16-16-16zm-387.2-48h22.4c6.4 0 12.8-6.4 12.8-12.8v-70.4c0-6.4-6.4-12.8-12.8-12.8h-22.4c-6.4 0-12.8 6.4-12.8 12.8v70.4c0 6.4 6.4 12.8 12.8 12.8z\" class=\"\"><\/path><\/svg><\/i> &nbsp;829&nbsp;total views, &nbsp;2&nbsp;views today<\/p>\n<div class=\"pvc_clear\"><\/div>\n<div class=\"sharedaddy sd-sharing-enabled\"><div class=\"robots-nocontent sd-block sd-social sd-social-official sd-sharing\"><h3 class=\"sd-title\">Share this:<\/h3><div class=\"sd-content\"><ul><li class=\"share-twitter\"><a href=\"https:\/\/twitter.com\/share\" class=\"twitter-share-button\" data-url=\"https:\/\/motricidade.com\/efescola\/futebol\/\" data-text=\"Futebol\"  >Tweet<\/a><\/li><li class=\"share-facebook\"><div class=\"fb-share-button\" data-href=\"https:\/\/motricidade.com\/efescola\/futebol\/\" data-layout=\"button_count\"><\/div><\/li><li class=\"share-telegram\"><a rel=\"nofollow noopener noreferrer\" data-shared=\"\" class=\"share-telegram sd-button\" href=\"https:\/\/motricidade.com\/efescola\/futebol\/?share=telegram\" target=\"_blank\" title=\"Click to share on Telegram\" ><span>Telegram<\/span><\/a><\/li><li class=\"share-print\"><a rel=\"nofollow noopener noreferrer\" data-shared=\"\" class=\"share-print sd-button\" href=\"https:\/\/motricidade.com\/efescola\/futebol\/\" target=\"_blank\" title=\"Click to print\" ><span>Print<\/span><\/a><\/li><li class=\"share-pinterest\"><div class=\"pinterest_button\"><a href=\"https:\/\/www.pinterest.com\/pin\/create\/button\/?url=https%3A%2F%2Fmotricidade.com%2Fefescola%2Ffutebol%2F&#038;media=https%3A%2F%2Fmotricidade.com%2Fefescola%2Fwp-content%2Fuploads%2F2022%2F09%2Ficon-Document.png&#038;description=Futebol\" data-pin-do=\"buttonPin\" data-pin-config=\"beside\"><img src=\"\/\/assets.pinterest.com\/images\/pidgets\/pinit_fg_en_rect_gray_20.png\" \/><\/a><\/div><\/li><li class=\"share-email\"><a rel=\"nofollow noopener noreferrer\" data-shared=\"\" class=\"share-email sd-button\" href=\"mailto:?subject=%5BShared%20Post%5D%20Futebol&body=https%3A%2F%2Fmotricidade.com%2Fefescola%2Ffutebol%2F&share=email\" target=\"_blank\" title=\"Click to email a link to a friend\" data-email-share-error-title=\"Do you have email set up?\" data-email-share-error-text=\"If you&#039;re having problems sharing via email, you might not have email set up for your browser. You may need to create a new email yourself.\" data-email-share-nonce=\"d4faa93585\" data-email-share-track-url=\"https:\/\/motricidade.com\/efescola\/futebol\/?share=email\"><span>Email<\/span><\/a><\/li><li class=\"share-jetpack-whatsapp\"><a rel=\"nofollow noopener noreferrer\" data-shared=\"\" class=\"share-jetpack-whatsapp sd-button\" href=\"https:\/\/motricidade.com\/efescola\/futebol\/?share=jetpack-whatsapp\" target=\"_blank\" title=\"Click to share on WhatsApp\" ><span>WhatsApp<\/span><\/a><\/li><li class=\"share-linkedin\"><div class=\"linkedin_button\"><script type=\"in\/share\" data-url=\"https:\/\/motricidade.com\/efescola\/futebol\/\" data-counter=\"right\"><\/script><\/div><\/li><li class=\"share-end\"><\/li><\/ul><\/div><\/div><\/div>","protected":false},"author":1,"featured_media":0,"parent":0,"menu_order":0,"comment_status":"closed","ping_status":"closed","template":"templates\/template_page-full-width.php","meta":{"advanced_seo_description":"","footnotes":""},"class_list":["post-760","page","type-page","status-publish","hentry"],"jetpack-related-posts":[],"jetpack_sharing_enabled":true,"_links":{"self":[{"href":"https:\/\/motricidade.com\/efescola\/wp-json\/wp\/v2\/pages\/760","targetHints":{"allow":["GET"]}}],"collection":[{"href":"https:\/\/motricidade.com\/efescola\/wp-json\/wp\/v2\/pages"}],"about":[{"href":"https:\/\/motricidade.com\/efescola\/wp-json\/wp\/v2\/types\/page"}],"author":[{"embeddable":true,"href":"https:\/\/motricidade.com\/efescola\/wp-json\/wp\/v2\/users\/1"}],"replies":[{"embeddable":true,"href":"https:\/\/motricidade.com\/efescola\/wp-json\/wp\/v2\/comments?post=760"}],"version-history":[{"count":5,"href":"https:\/\/motricidade.com\/efescola\/wp-json\/wp\/v2\/pages\/760\/revisions"}],"predecessor-version":[{"id":885,"href":"https:\/\/motricidade.com\/efescola\/wp-json\/wp\/v2\/pages\/760\/revisions\/885"}],"wp:attachment":[{"href":"https:\/\/motricidade.com\/efescola\/wp-json\/wp\/v2\/media?parent=760"}],"curies":[{"name":"wp","href":"https:\/\/api.w.org\/{rel}","templated":true}]}}