{"id":810,"date":"2022-09-11T16:09:23","date_gmt":"2022-09-11T16:09:23","guid":{"rendered":"https:\/\/motricidade.com\/efescola\/?page_id=810"},"modified":"2024-10-20T09:48:07","modified_gmt":"2024-10-20T09:48:07","slug":"avaliacao-e-criterios","status":"publish","type":"page","link":"https:\/\/motricidade.com\/efescola\/avaliacao-e-criterios\/","title":{"rendered":"Avalia\u00e7\u00e3o e Crit\u00e9rios"},"content":{"rendered":"\n<p><\/p>\n\n\n\n<div class=\"wp-block-media-text alignwide is-stacked-on-mobile\" style=\"grid-template-columns:15% auto\"><figure class=\"wp-block-media-text__media\"><img loading=\"lazy\" decoding=\"async\" width=\"128\" height=\"128\" data-attachment-id=\"702\" data-permalink=\"https:\/\/motricidade.com\/efescola\/atletismo\/icon-document-pdf-1\/\" data-orig-file=\"https:\/\/i0.wp.com\/motricidade.com\/efescola\/wp-content\/uploads\/2022\/09\/icon-document-pdf-1.png?fit=128%2C128&amp;ssl=1\" data-orig-size=\"128,128\" data-comments-opened=\"1\" data-image-meta=\"{&quot;aperture&quot;:&quot;0&quot;,&quot;credit&quot;:&quot;&quot;,&quot;camera&quot;:&quot;&quot;,&quot;caption&quot;:&quot;&quot;,&quot;created_timestamp&quot;:&quot;0&quot;,&quot;copyright&quot;:&quot;&quot;,&quot;focal_length&quot;:&quot;0&quot;,&quot;iso&quot;:&quot;0&quot;,&quot;shutter_speed&quot;:&quot;0&quot;,&quot;title&quot;:&quot;&quot;,&quot;orientation&quot;:&quot;0&quot;}\" data-image-title=\"icon-document-pdf-1\" data-image-description=\"\" data-image-caption=\"\" data-medium-file=\"https:\/\/i0.wp.com\/motricidade.com\/efescola\/wp-content\/uploads\/2022\/09\/icon-document-pdf-1.png?fit=128%2C128&amp;ssl=1\" data-large-file=\"https:\/\/i0.wp.com\/motricidade.com\/efescola\/wp-content\/uploads\/2022\/09\/icon-document-pdf-1.png?fit=128%2C128&amp;ssl=1\" src=\"https:\/\/i0.wp.com\/motricidade.com\/efescola\/wp-content\/uploads\/2022\/09\/icon-document-pdf-1.png?resize=128%2C128&#038;ssl=1\" alt=\"\" class=\"wp-image-702 size-full\" data-recalc-dims=\"1\"\/><\/figure><div class=\"wp-block-media-text__content\">\n<p><strong>Crit\u00e9rios de Avalia\u00e7\u00e3o Disciplina de Educa\u00e7\u00e3o F\u00edsica (Ver no site AE Coimbra Centro)<\/strong><\/p>\n<\/div><\/div>\n\n\n\n<div class=\"wp-block-media-text alignwide is-stacked-on-mobile\" style=\"grid-template-columns:15% auto\"><figure class=\"wp-block-media-text__media\"><a href=\"http:\/\/motricidade.com\/aulas_EF\/textos_apoio\/web-matriz.pdf\"><img loading=\"lazy\" decoding=\"async\" width=\"128\" height=\"128\" data-attachment-id=\"702\" data-permalink=\"https:\/\/motricidade.com\/efescola\/atletismo\/icon-document-pdf-1\/\" data-orig-file=\"https:\/\/i0.wp.com\/motricidade.com\/efescola\/wp-content\/uploads\/2022\/09\/icon-document-pdf-1.png?fit=128%2C128&amp;ssl=1\" data-orig-size=\"128,128\" data-comments-opened=\"1\" data-image-meta=\"{&quot;aperture&quot;:&quot;0&quot;,&quot;credit&quot;:&quot;&quot;,&quot;camera&quot;:&quot;&quot;,&quot;caption&quot;:&quot;&quot;,&quot;created_timestamp&quot;:&quot;0&quot;,&quot;copyright&quot;:&quot;&quot;,&quot;focal_length&quot;:&quot;0&quot;,&quot;iso&quot;:&quot;0&quot;,&quot;shutter_speed&quot;:&quot;0&quot;,&quot;title&quot;:&quot;&quot;,&quot;orientation&quot;:&quot;0&quot;}\" data-image-title=\"icon-document-pdf-1\" data-image-description=\"\" data-image-caption=\"\" data-medium-file=\"https:\/\/i0.wp.com\/motricidade.com\/efescola\/wp-content\/uploads\/2022\/09\/icon-document-pdf-1.png?fit=128%2C128&amp;ssl=1\" data-large-file=\"https:\/\/i0.wp.com\/motricidade.com\/efescola\/wp-content\/uploads\/2022\/09\/icon-document-pdf-1.png?fit=128%2C128&amp;ssl=1\" src=\"https:\/\/i0.wp.com\/motricidade.com\/efescola\/wp-content\/uploads\/2022\/09\/icon-document-pdf-1.png?resize=128%2C128&#038;ssl=1\" alt=\"\" class=\"wp-image-702 size-full\" data-recalc-dims=\"1\"\/><\/a><\/figure><div class=\"wp-block-media-text__content\">\n<p>Matriz de Prova Te\u00f3rica de Educa\u00e7\u00e3o F\u00edsica (clicar no pdf)<\/p>\n<\/div><\/div>\n\n\n\n<div class=\"wp-block-media-text alignwide is-stacked-on-mobile\" style=\"grid-template-columns:15% auto\"><figure class=\"wp-block-media-text__media\"><a href=\"http:\/\/motricidade.com\/aulas_EF\/textos_apoio\/Documento_de_apoio_n3_o_meu_resumo.pdf\"><img loading=\"lazy\" decoding=\"async\" width=\"128\" height=\"128\" data-attachment-id=\"702\" data-permalink=\"https:\/\/motricidade.com\/efescola\/atletismo\/icon-document-pdf-1\/\" data-orig-file=\"https:\/\/i0.wp.com\/motricidade.com\/efescola\/wp-content\/uploads\/2022\/09\/icon-document-pdf-1.png?fit=128%2C128&amp;ssl=1\" data-orig-size=\"128,128\" data-comments-opened=\"1\" data-image-meta=\"{&quot;aperture&quot;:&quot;0&quot;,&quot;credit&quot;:&quot;&quot;,&quot;camera&quot;:&quot;&quot;,&quot;caption&quot;:&quot;&quot;,&quot;created_timestamp&quot;:&quot;0&quot;,&quot;copyright&quot;:&quot;&quot;,&quot;focal_length&quot;:&quot;0&quot;,&quot;iso&quot;:&quot;0&quot;,&quot;shutter_speed&quot;:&quot;0&quot;,&quot;title&quot;:&quot;&quot;,&quot;orientation&quot;:&quot;0&quot;}\" data-image-title=\"icon-document-pdf-1\" data-image-description=\"\" data-image-caption=\"\" data-medium-file=\"https:\/\/i0.wp.com\/motricidade.com\/efescola\/wp-content\/uploads\/2022\/09\/icon-document-pdf-1.png?fit=128%2C128&amp;ssl=1\" data-large-file=\"https:\/\/i0.wp.com\/motricidade.com\/efescola\/wp-content\/uploads\/2022\/09\/icon-document-pdf-1.png?fit=128%2C128&amp;ssl=1\" src=\"https:\/\/i0.wp.com\/motricidade.com\/efescola\/wp-content\/uploads\/2022\/09\/icon-document-pdf-1.png?resize=128%2C128&#038;ssl=1\" alt=\"\" class=\"wp-image-702 size-full\" data-recalc-dims=\"1\"\/><\/a><\/figure><div class=\"wp-block-media-text__content\">\n<p>&#8220;O meu resumo&#8221; (clicar no pdf)<\/p>\n<\/div><\/div>\n\n\n\n<div class=\"wp-block-media-text alignwide is-stacked-on-mobile\" style=\"grid-template-columns:15% auto\"><figure class=\"wp-block-media-text__media\"><img loading=\"lazy\" decoding=\"async\" width=\"72\" height=\"72\" data-attachment-id=\"811\" data-permalink=\"https:\/\/motricidade.com\/efescola\/avaliacao-e-criterios\/form\/\" data-orig-file=\"https:\/\/i0.wp.com\/motricidade.com\/efescola\/wp-content\/uploads\/2022\/09\/Form.png?fit=72%2C72&amp;ssl=1\" data-orig-size=\"72,72\" data-comments-opened=\"1\" data-image-meta=\"{&quot;aperture&quot;:&quot;0&quot;,&quot;credit&quot;:&quot;&quot;,&quot;camera&quot;:&quot;&quot;,&quot;caption&quot;:&quot;&quot;,&quot;created_timestamp&quot;:&quot;0&quot;,&quot;copyright&quot;:&quot;&quot;,&quot;focal_length&quot;:&quot;0&quot;,&quot;iso&quot;:&quot;0&quot;,&quot;shutter_speed&quot;:&quot;0&quot;,&quot;title&quot;:&quot;&quot;,&quot;orientation&quot;:&quot;0&quot;}\" data-image-title=\"Form\" data-image-description=\"\" data-image-caption=\"\" data-medium-file=\"https:\/\/i0.wp.com\/motricidade.com\/efescola\/wp-content\/uploads\/2022\/09\/Form.png?fit=72%2C72&amp;ssl=1\" data-large-file=\"https:\/\/i0.wp.com\/motricidade.com\/efescola\/wp-content\/uploads\/2022\/09\/Form.png?fit=72%2C72&amp;ssl=1\" src=\"https:\/\/i0.wp.com\/motricidade.com\/efescola\/wp-content\/uploads\/2022\/09\/Form.png?resize=72%2C72&#038;ssl=1\" alt=\"\" class=\"wp-image-811 size-full\" data-recalc-dims=\"1\"\/><\/figure><div class=\"wp-block-media-text__content\">\n<p><strong>Autoavalia\u00e7\u00e3o de Educa\u00e7\u00e3o F\u00edsica 2\u00baCiclo\u00a0&#8211; [em constru\u00e7\u00e3o!]<\/strong><\/p>\n<\/div><\/div>\n<div class=\"pvc_clear\"><\/div><p class=\"pvc_stats all \" data-element-id=\"810\" style=\"\"><i class=\"pvc-stats-icon medium\" aria-hidden=\"true\"><svg aria-hidden=\"true\" focusable=\"false\" data-prefix=\"far\" data-icon=\"chart-bar\" role=\"img\" xmlns=\"http:\/\/www.w3.org\/2000\/svg\" viewBox=\"0 0 512 512\" class=\"svg-inline--fa fa-chart-bar fa-w-16 fa-2x\"><path fill=\"currentColor\" d=\"M396.8 352h22.4c6.4 0 12.8-6.4 12.8-12.8V108.8c0-6.4-6.4-12.8-12.8-12.8h-22.4c-6.4 0-12.8 6.4-12.8 12.8v230.4c0 6.4 6.4 12.8 12.8 12.8zm-192 0h22.4c6.4 0 12.8-6.4 12.8-12.8V140.8c0-6.4-6.4-12.8-12.8-12.8h-22.4c-6.4 0-12.8 6.4-12.8 12.8v198.4c0 6.4 6.4 12.8 12.8 12.8zm96 0h22.4c6.4 0 12.8-6.4 12.8-12.8V204.8c0-6.4-6.4-12.8-12.8-12.8h-22.4c-6.4 0-12.8 6.4-12.8 12.8v134.4c0 6.4 6.4 12.8 12.8 12.8zM496 400H48V80c0-8.84-7.16-16-16-16H16C7.16 64 0 71.16 0 80v336c0 17.67 14.33 32 32 32h464c8.84 0 16-7.16 16-16v-16c0-8.84-7.16-16-16-16zm-387.2-48h22.4c6.4 0 12.8-6.4 12.8-12.8v-70.4c0-6.4-6.4-12.8-12.8-12.8h-22.4c-6.4 0-12.8 6.4-12.8 12.8v70.4c0 6.4 6.4 12.8 12.8 12.8z\" class=\"\"><\/path><\/svg><\/i> &nbsp;1,484&nbsp;total views, &nbsp;4&nbsp;views today<\/p><div class=\"pvc_clear\"><\/div><div class=\"sharedaddy sd-sharing-enabled\"><div class=\"robots-nocontent sd-block sd-social sd-social-official sd-sharing\"><h3 class=\"sd-title\">Share this:<\/h3><div class=\"sd-content\"><ul><li class=\"share-twitter\"><a href=\"https:\/\/twitter.com\/share\" class=\"twitter-share-button\" data-url=\"https:\/\/motricidade.com\/efescola\/avaliacao-e-criterios\/\" data-text=\"Avalia\u00e7\u00e3o e Crit\u00e9rios\"  >Tweet<\/a><\/li><li class=\"share-facebook\"><div class=\"fb-share-button\" data-href=\"https:\/\/motricidade.com\/efescola\/avaliacao-e-criterios\/\" data-layout=\"button_count\"><\/div><\/li><li class=\"share-telegram\"><a rel=\"nofollow noopener noreferrer\" data-shared=\"\" class=\"share-telegram sd-button\" href=\"https:\/\/motricidade.com\/efescola\/avaliacao-e-criterios\/?share=telegram\" target=\"_blank\" title=\"Click to share on Telegram\" ><span>Telegram<\/span><\/a><\/li><li class=\"share-print\"><a rel=\"nofollow noopener noreferrer\" data-shared=\"\" class=\"share-print sd-button\" href=\"https:\/\/motricidade.com\/efescola\/avaliacao-e-criterios\/\" target=\"_blank\" title=\"Click to print\" ><span>Print<\/span><\/a><\/li><li class=\"share-pinterest\"><div class=\"pinterest_button\"><a href=\"https:\/\/www.pinterest.com\/pin\/create\/button\/?url=https%3A%2F%2Fmotricidade.com%2Fefescola%2Favaliacao-e-criterios%2F&#038;media=https%3A%2F%2Fsecure.gravatar.com%2Favatar%2Fe14017ef49f104e151ca9590879167f44bb839db7024bad59e0eb2c03bd9c864%3Fs%3D96%26d%3Dmm%26r%3Dg&#038;description=Avalia%C3%A7%C3%A3o%20e%20Crit%C3%A9rios\" data-pin-do=\"buttonPin\" data-pin-config=\"beside\"><img src=\"https:\/\/i0.wp.com\/assets.pinterest.com\/images\/pidgets\/pinit_fg_en_rect_gray_20.png?w=1170\" data-recalc-dims=\"1\" \/><\/a><\/div><\/li><li class=\"share-email\"><a rel=\"nofollow noopener noreferrer\" data-shared=\"\" class=\"share-email sd-button\" href=\"mailto:?subject=%5BShared%20Post%5D%20Avalia%C3%A7%C3%A3o%20e%20Crit%C3%A9rios&body=https%3A%2F%2Fmotricidade.com%2Fefescola%2Favaliacao-e-criterios%2F&share=email\" target=\"_blank\" title=\"Click to email a link to a friend\" data-email-share-error-title=\"Do you have email set up?\" data-email-share-error-text=\"If you&#039;re having problems sharing via email, you might not have email set up for your browser. You may need to create a new email yourself.\" data-email-share-nonce=\"844be26e7e\" data-email-share-track-url=\"https:\/\/motricidade.com\/efescola\/avaliacao-e-criterios\/?share=email\"><span>Email<\/span><\/a><\/li><li class=\"share-jetpack-whatsapp\"><a rel=\"nofollow noopener noreferrer\" data-shared=\"\" class=\"share-jetpack-whatsapp sd-button\" href=\"https:\/\/motricidade.com\/efescola\/avaliacao-e-criterios\/?share=jetpack-whatsapp\" target=\"_blank\" title=\"Click to share on WhatsApp\" ><span>WhatsApp<\/span><\/a><\/li><li class=\"share-linkedin\"><div class=\"linkedin_button\"><script type=\"in\/share\" data-url=\"https:\/\/motricidade.com\/efescola\/avaliacao-e-criterios\/\" data-counter=\"right\"><\/script><\/div><\/li><li class=\"share-end\"><\/li><\/ul><\/div><\/div><\/div>","protected":false},"excerpt":{"rendered":"<p>Crit\u00e9rios de Avalia\u00e7\u00e3o Disciplina de Educa\u00e7\u00e3o F\u00edsica (Ver no site AE Coimbra Centro) Matriz de Prova Te\u00f3rica de Educa\u00e7\u00e3o F\u00edsica (clicar no pdf) &#8220;O meu resumo&#8221; (clicar no pdf) Autoavalia\u00e7\u00e3o de Educa\u00e7\u00e3o F\u00edsica 2\u00baCiclo\u00a0&#8211; [em constru\u00e7\u00e3o!] &nbsp;1,484&nbsp;total views, &nbsp;4&nbsp;views today<\/p>\n<div class=\"pvc_clear\"><\/div>\n<p class=\"pvc_stats all \" data-element-id=\"810\" style=\"\"><i class=\"pvc-stats-icon medium\" aria-hidden=\"true\"><svg aria-hidden=\"true\" focusable=\"false\" data-prefix=\"far\" data-icon=\"chart-bar\" role=\"img\" xmlns=\"http:\/\/www.w3.org\/2000\/svg\" viewBox=\"0 0 512 512\" class=\"svg-inline--fa fa-chart-bar fa-w-16 fa-2x\"><path fill=\"currentColor\" d=\"M396.8 352h22.4c6.4 0 12.8-6.4 12.8-12.8V108.8c0-6.4-6.4-12.8-12.8-12.8h-22.4c-6.4 0-12.8 6.4-12.8 12.8v230.4c0 6.4 6.4 12.8 12.8 12.8zm-192 0h22.4c6.4 0 12.8-6.4 12.8-12.8V140.8c0-6.4-6.4-12.8-12.8-12.8h-22.4c-6.4 0-12.8 6.4-12.8 12.8v198.4c0 6.4 6.4 12.8 12.8 12.8zm96 0h22.4c6.4 0 12.8-6.4 12.8-12.8V204.8c0-6.4-6.4-12.8-12.8-12.8h-22.4c-6.4 0-12.8 6.4-12.8 12.8v134.4c0 6.4 6.4 12.8 12.8 12.8zM496 400H48V80c0-8.84-7.16-16-16-16H16C7.16 64 0 71.16 0 80v336c0 17.67 14.33 32 32 32h464c8.84 0 16-7.16 16-16v-16c0-8.84-7.16-16-16-16zm-387.2-48h22.4c6.4 0 12.8-6.4 12.8-12.8v-70.4c0-6.4-6.4-12.8-12.8-12.8h-22.4c-6.4 0-12.8 6.4-12.8 12.8v70.4c0 6.4 6.4 12.8 12.8 12.8z\" class=\"\"><\/path><\/svg><\/i> &nbsp;1,484&nbsp;total views, &nbsp;4&nbsp;views today<\/p>\n<div class=\"pvc_clear\"><\/div>\n<div class=\"sharedaddy sd-sharing-enabled\"><div class=\"robots-nocontent sd-block sd-social sd-social-official sd-sharing\"><h3 class=\"sd-title\">Share this:<\/h3><div class=\"sd-content\"><ul><li class=\"share-twitter\"><a href=\"https:\/\/twitter.com\/share\" class=\"twitter-share-button\" data-url=\"https:\/\/motricidade.com\/efescola\/avaliacao-e-criterios\/\" data-text=\"Avalia\u00e7\u00e3o e Crit\u00e9rios\"  >Tweet<\/a><\/li><li class=\"share-facebook\"><div class=\"fb-share-button\" data-href=\"https:\/\/motricidade.com\/efescola\/avaliacao-e-criterios\/\" data-layout=\"button_count\"><\/div><\/li><li class=\"share-telegram\"><a rel=\"nofollow noopener noreferrer\" data-shared=\"\" class=\"share-telegram sd-button\" href=\"https:\/\/motricidade.com\/efescola\/avaliacao-e-criterios\/?share=telegram\" target=\"_blank\" title=\"Click to share on Telegram\" ><span>Telegram<\/span><\/a><\/li><li class=\"share-print\"><a rel=\"nofollow noopener noreferrer\" data-shared=\"\" class=\"share-print sd-button\" href=\"https:\/\/motricidade.com\/efescola\/avaliacao-e-criterios\/\" target=\"_blank\" title=\"Click to print\" ><span>Print<\/span><\/a><\/li><li class=\"share-pinterest\"><div class=\"pinterest_button\"><a href=\"https:\/\/www.pinterest.com\/pin\/create\/button\/?url=https%3A%2F%2Fmotricidade.com%2Fefescola%2Favaliacao-e-criterios%2F&#038;media=https%3A%2F%2Fsecure.gravatar.com%2Favatar%2Fe14017ef49f104e151ca9590879167f44bb839db7024bad59e0eb2c03bd9c864%3Fs%3D96%26d%3Dmm%26r%3Dg&#038;description=Avalia%C3%A7%C3%A3o%20e%20Crit%C3%A9rios\" data-pin-do=\"buttonPin\" data-pin-config=\"beside\"><img src=\"\/\/assets.pinterest.com\/images\/pidgets\/pinit_fg_en_rect_gray_20.png\" \/><\/a><\/div><\/li><li class=\"share-email\"><a rel=\"nofollow noopener noreferrer\" data-shared=\"\" class=\"share-email sd-button\" href=\"mailto:?subject=%5BShared%20Post%5D%20Avalia%C3%A7%C3%A3o%20e%20Crit%C3%A9rios&body=https%3A%2F%2Fmotricidade.com%2Fefescola%2Favaliacao-e-criterios%2F&share=email\" target=\"_blank\" title=\"Click to email a link to a friend\" data-email-share-error-title=\"Do you have email set up?\" data-email-share-error-text=\"If you&#039;re having problems sharing via email, you might not have email set up for your browser. You may need to create a new email yourself.\" data-email-share-nonce=\"844be26e7e\" data-email-share-track-url=\"https:\/\/motricidade.com\/efescola\/avaliacao-e-criterios\/?share=email\"><span>Email<\/span><\/a><\/li><li class=\"share-jetpack-whatsapp\"><a rel=\"nofollow noopener noreferrer\" data-shared=\"\" class=\"share-jetpack-whatsapp sd-button\" href=\"https:\/\/motricidade.com\/efescola\/avaliacao-e-criterios\/?share=jetpack-whatsapp\" target=\"_blank\" title=\"Click to share on WhatsApp\" ><span>WhatsApp<\/span><\/a><\/li><li class=\"share-linkedin\"><div class=\"linkedin_button\"><script type=\"in\/share\" data-url=\"https:\/\/motricidade.com\/efescola\/avaliacao-e-criterios\/\" data-counter=\"right\"><\/script><\/div><\/li><li class=\"share-end\"><\/li><\/ul><\/div><\/div><\/div>","protected":false},"author":1,"featured_media":0,"parent":0,"menu_order":0,"comment_status":"closed","ping_status":"closed","template":"templates\/template_page-full-width.php","meta":{"advanced_seo_description":"","footnotes":""},"class_list":["post-810","page","type-page","status-publish","hentry"],"jetpack-related-posts":[],"jetpack_sharing_enabled":true,"_links":{"self":[{"href":"https:\/\/motricidade.com\/efescola\/wp-json\/wp\/v2\/pages\/810","targetHints":{"allow":["GET"]}}],"collection":[{"href":"https:\/\/motricidade.com\/efescola\/wp-json\/wp\/v2\/pages"}],"about":[{"href":"https:\/\/motricidade.com\/efescola\/wp-json\/wp\/v2\/types\/page"}],"author":[{"embeddable":true,"href":"https:\/\/motricidade.com\/efescola\/wp-json\/wp\/v2\/users\/1"}],"replies":[{"embeddable":true,"href":"https:\/\/motricidade.com\/efescola\/wp-json\/wp\/v2\/comments?post=810"}],"version-history":[{"count":5,"href":"https:\/\/motricidade.com\/efescola\/wp-json\/wp\/v2\/pages\/810\/revisions"}],"predecessor-version":[{"id":917,"href":"https:\/\/motricidade.com\/efescola\/wp-json\/wp\/v2\/pages\/810\/revisions\/917"}],"wp:attachment":[{"href":"https:\/\/motricidade.com\/efescola\/wp-json\/wp\/v2\/media?parent=810"}],"curies":[{"name":"wp","href":"https:\/\/api.w.org\/{rel}","templated":true}]}}