{"id":821,"date":"2022-09-11T16:24:39","date_gmt":"2022-09-11T16:24:39","guid":{"rendered":"https:\/\/motricidade.com\/efescola\/?page_id=821"},"modified":"2022-09-11T16:48:25","modified_gmt":"2022-09-11T16:48:25","slug":"aptidao-fisica-fitescola","status":"publish","type":"page","link":"https:\/\/motricidade.com\/efescola\/aptidao-fisica-fitescola\/","title":{"rendered":"Aptid\u00e3o F\u00edsica (FitEscola)"},"content":{"rendered":"\n<p>APTID\u00c3O AER\u00d3BIA<\/p>\n\n\n\n<div class=\"wp-block-media-text alignwide is-stacked-on-mobile\" style=\"grid-template-columns:15% auto\"><figure class=\"wp-block-media-text__media\"><img loading=\"lazy\" decoding=\"async\" width=\"173\" height=\"221\" data-attachment-id=\"827\" data-permalink=\"https:\/\/motricidade.com\/efescola\/aptidao-fisica-fitescola\/logo_fit_escola_p-1\/\" data-orig-file=\"https:\/\/i0.wp.com\/motricidade.com\/efescola\/wp-content\/uploads\/2022\/09\/logo_fit_escola_p-1.jpg?fit=173%2C221&amp;ssl=1\" data-orig-size=\"173,221\" data-comments-opened=\"1\" data-image-meta=\"{&quot;aperture&quot;:&quot;0&quot;,&quot;credit&quot;:&quot;adminpc&quot;,&quot;camera&quot;:&quot;&quot;,&quot;caption&quot;:&quot;&quot;,&quot;created_timestamp&quot;:&quot;1662917135&quot;,&quot;copyright&quot;:&quot;&quot;,&quot;focal_length&quot;:&quot;0&quot;,&quot;iso&quot;:&quot;0&quot;,&quot;shutter_speed&quot;:&quot;0&quot;,&quot;title&quot;:&quot;&quot;,&quot;orientation&quot;:&quot;0&quot;}\" data-image-title=\"logo_fit_escola_p-1\" data-image-description=\"\" data-image-caption=\"\" data-medium-file=\"https:\/\/i0.wp.com\/motricidade.com\/efescola\/wp-content\/uploads\/2022\/09\/logo_fit_escola_p-1.jpg?fit=173%2C221&amp;ssl=1\" data-large-file=\"https:\/\/i0.wp.com\/motricidade.com\/efescola\/wp-content\/uploads\/2022\/09\/logo_fit_escola_p-1.jpg?fit=173%2C221&amp;ssl=1\" src=\"https:\/\/i0.wp.com\/motricidade.com\/efescola\/wp-content\/uploads\/2022\/09\/logo_fit_escola_p-1.jpg?resize=173%2C221&#038;ssl=1\" alt=\"\" class=\"wp-image-827 size-full\" data-recalc-dims=\"1\"\/><\/figure><div class=\"wp-block-media-text__content\">\n<p>CONSULTE AQUI A BATERIA DE TESTES.<\/p>\n\n\n\n<p>O FITescola\u00ae tem como um dos objetivos avaliar a aptid\u00e3o f\u00edsica e a atividade f\u00edsica de crian\u00e7as e adolescentes.<\/p>\n\n\n\n<p>Para o efeito, integra uma bateria de testes dividida em tr\u00eas \u00e1reas, a Aptid\u00e3o Aer\u00f3bia, a Composi\u00e7\u00e3o Corporal e a Aptid\u00e3o Muscular.<\/p>\n<\/div><\/div>\n\n\n\n<p>APTID\u00c3O AER\u00d3BIA:<\/p>\n\n\n\n<figure class=\"wp-block-table\"><table><tbody><tr><td><a href=\"https:\/\/fitescola.dge.mec.pt\/detalhesTeste.aspx?id=2\" target=\"_blank\" rel=\"noreferrer noopener\"><img decoding=\"async\" src=\"https:\/\/i0.wp.com\/fitescola.dge.mec.pt\/media\/testesImgs\/2.jpg?w=1170\" alt=\"\" data-recalc-dims=\"1\"><\/a><br>Vaiv\u00e9m<\/td><td><a href=\"https:\/\/fitescola.dge.mec.pt\/detalhesTeste.aspx?id=3\" target=\"_blank\" rel=\"noreferrer noopener\"><img decoding=\"async\" src=\"https:\/\/i0.wp.com\/fitescola.dge.mec.pt\/media\/testesImgs\/3.jpg?w=1170\" alt=\"\" data-recalc-dims=\"1\"><\/a><br>Milha<\/td><\/tr><\/tbody><\/table><\/figure>\n\n\n\n<p>COMPOSI\u00c7\u00c3O CORPORAL:<\/p>\n\n\n\n<figure class=\"wp-block-table\"><table><tbody><tr><td><a href=\"https:\/\/fitescola.dge.mec.pt\/detalhesTeste.aspx?id=4\" target=\"_blank\" rel=\"noreferrer noopener\"><img decoding=\"async\" src=\"https:\/\/i0.wp.com\/fitescola.dge.mec.pt\/media\/testesImgs\/4.jpg?w=1170\" alt=\"\" data-recalc-dims=\"1\"><\/a><br>\u00cdndice de Massa Corporal<\/td><td><a href=\"https:\/\/fitescola.dge.mec.pt\/detalhesTeste.aspx?id=5\" target=\"_blank\" rel=\"noreferrer noopener\"><img decoding=\"async\" src=\"https:\/\/i0.wp.com\/fitescola.dge.mec.pt\/media\/testesImgs\/5.jpg?w=1170\" alt=\"\" data-recalc-dims=\"1\"><\/a><br>Massa Gorda<\/td><td><a href=\"https:\/\/fitescola.dge.mec.pt\/detalhesTeste.aspx?id=6\" target=\"_blank\" rel=\"noreferrer noopener\"><img decoding=\"async\" src=\"https:\/\/i0.wp.com\/fitescola.dge.mec.pt\/media\/testesImgs\/6.jpg?w=1170\" alt=\"\" data-recalc-dims=\"1\"><\/a><br>Per\u00edmetro de Cintura<\/td><\/tr><\/tbody><\/table><\/figure>\n\n\n\n<p>APTID\u00c3O NEUROMUSCULAR:<\/p>\n\n\n\n<figure class=\"wp-block-table\"><table><tbody><tr><td><a href=\"https:\/\/fitescola.dge.mec.pt\/detalhesTeste.aspx?id=7\" target=\"_blank\" rel=\"noreferrer noopener\"><img decoding=\"async\" src=\"https:\/\/i0.wp.com\/fitescola.dge.mec.pt\/media\/testesImgs\/7.jpg?w=1170\" alt=\"\" data-recalc-dims=\"1\"><\/a><br>Abdominais<\/td><td><a href=\"https:\/\/fitescola.dge.mec.pt\/detalhesTeste.aspx?id=8\" target=\"_blank\" rel=\"noreferrer noopener\"><img decoding=\"async\" src=\"https:\/\/i0.wp.com\/fitescola.dge.mec.pt\/media\/testesImgs\/8.jpg?w=1170\" alt=\"\" data-recalc-dims=\"1\"><\/a><br>Flex\u00f5es de Bra\u00e7os<\/td><td><a href=\"https:\/\/fitescola.dge.mec.pt\/detalhesTeste.aspx?id=9\" target=\"_blank\" rel=\"noreferrer noopener\"><img decoding=\"async\" src=\"https:\/\/i0.wp.com\/fitescola.dge.mec.pt\/media\/testesImgs\/9.jpg?w=1170\" alt=\"\" data-recalc-dims=\"1\"><\/a><br>Impuls\u00e3o Horizontal<\/td><td><a href=\"https:\/\/fitescola.dge.mec.pt\/detalhesTeste.aspx?id=10\" target=\"_blank\" rel=\"noreferrer noopener\"><img loading=\"lazy\" decoding=\"async\" width=\"221\" height=\"221\" src=\"https:\/\/i0.wp.com\/fitescola.dge.mec.pt\/media\/testesImgs\/10.jpg?resize=221%2C221\" alt=\"\" data-recalc-dims=\"1\"><\/a><br>Impuls\u00e3o Vertical<\/td><\/tr><tr><td><a href=\"https:\/\/fitescola.dge.mec.pt\/detalhesTeste.aspx?id=13\" target=\"_blank\" rel=\"noreferrer noopener\"><img decoding=\"async\" src=\"https:\/\/i0.wp.com\/fitescola.dge.mec.pt\/media\/testesImgs\/13.png?w=1170\" alt=\"\" data-recalc-dims=\"1\"><\/a><br>Agilidade 4x10m<\/td><td><a href=\"https:\/\/fitescola.dge.mec.pt\/detalhesTeste.aspx?id=14\" target=\"_blank\" rel=\"noreferrer noopener\"><img decoding=\"async\" src=\"https:\/\/i0.wp.com\/fitescola.dge.mec.pt\/media\/testesImgs\/14.png?w=1170\" alt=\"\" data-recalc-dims=\"1\"><\/a><br>Velocidade 20m \/40m<\/td><td><a href=\"https:\/\/fitescola.dge.mec.pt\/detalhesTeste.aspx?id=11\"><img decoding=\"async\" src=\"https:\/\/i0.wp.com\/fitescola.dge.mec.pt\/media\/testesImgs\/11.jpg?w=1170\" alt=\"\" data-recalc-dims=\"1\"><\/a><br>Flexibilidade dos Ombros<\/td><td><a href=\"https:\/\/fitescola.dge.mec.pt\/detalhesTeste.aspx?id=11\" target=\"_blank\" rel=\"noreferrer noopener\"><img decoding=\"async\" src=\"https:\/\/i0.wp.com\/fitescola.dge.mec.pt\/media\/testesImgs\/12.jpg?w=1170\" alt=\"\" data-recalc-dims=\"1\"><\/a><br>Flexibilidade dos membros inferiores<\/td><\/tr><\/tbody><\/table><\/figure>\n\n\n\n<p>DESCRITIVO<\/p>\n\n\n\n<figure class=\"wp-block-table\"><table><tbody><tr><td><a href=\"https:\/\/fitescola.dge.mec.pt\/HomeMultimediaVideo.aspx\" target=\"_blank\" rel=\"noreferrer noopener\"><img loading=\"lazy\" decoding=\"async\" width=\"111\" height=\"111\" src=\"https:\/\/i0.wp.com\/fitescola.dge.mec.pt\/Styles\/VIDEO.png?resize=111%2C111\" alt=\"\" data-recalc-dims=\"1\"><\/a><br>V\u00eddeo<\/td><td><a href=\"https:\/\/fitescola.dge.mec.pt\/HomeMultimediaAudio.aspx\" target=\"_blank\" rel=\"noreferrer noopener\"><img loading=\"lazy\" decoding=\"async\" width=\"106\" height=\"106\" src=\"https:\/\/i0.wp.com\/fitescola.dge.mec.pt\/Styles\/AUDIO.png?resize=106%2C106\" alt=\"\" data-recalc-dims=\"1\"><\/a><br>Audio<\/td><td><a href=\"https:\/\/fitescola.dge.mec.pt\/HomeMultimediaTexto.aspx\" target=\"_blank\" rel=\"noreferrer noopener\"><img loading=\"lazy\" decoding=\"async\" width=\"108\" height=\"108\" src=\"https:\/\/i0.wp.com\/fitescola.dge.mec.pt\/Styles\/DOCS.png?resize=108%2C108\" alt=\"\" data-recalc-dims=\"1\"><\/a><br>Documentos<\/td><td><a href=\"https:\/\/fitescola.dge.mec.pt\/media\/configuracoesDocs\/1_doc_valores_referencia.pdf\" target=\"_blank\" rel=\"noreferrer noopener\"><img loading=\"lazy\" decoding=\"async\" width=\"109\" height=\"109\" src=\"https:\/\/i0.wp.com\/fitescola.dge.mec.pt\/Styles\/VALORESREF.png?resize=109%2C109\" alt=\"\" data-recalc-dims=\"1\"><\/a><br>Valores de<\/td><\/tr><\/tbody><\/table><\/figure>\n<div class=\"pvc_clear\"><\/div><p class=\"pvc_stats all \" data-element-id=\"821\" style=\"\"><i class=\"pvc-stats-icon medium\" aria-hidden=\"true\"><svg aria-hidden=\"true\" focusable=\"false\" data-prefix=\"far\" data-icon=\"chart-bar\" role=\"img\" xmlns=\"http:\/\/www.w3.org\/2000\/svg\" viewBox=\"0 0 512 512\" class=\"svg-inline--fa fa-chart-bar fa-w-16 fa-2x\"><path fill=\"currentColor\" d=\"M396.8 352h22.4c6.4 0 12.8-6.4 12.8-12.8V108.8c0-6.4-6.4-12.8-12.8-12.8h-22.4c-6.4 0-12.8 6.4-12.8 12.8v230.4c0 6.4 6.4 12.8 12.8 12.8zm-192 0h22.4c6.4 0 12.8-6.4 12.8-12.8V140.8c0-6.4-6.4-12.8-12.8-12.8h-22.4c-6.4 0-12.8 6.4-12.8 12.8v198.4c0 6.4 6.4 12.8 12.8 12.8zm96 0h22.4c6.4 0 12.8-6.4 12.8-12.8V204.8c0-6.4-6.4-12.8-12.8-12.8h-22.4c-6.4 0-12.8 6.4-12.8 12.8v134.4c0 6.4 6.4 12.8 12.8 12.8zM496 400H48V80c0-8.84-7.16-16-16-16H16C7.16 64 0 71.16 0 80v336c0 17.67 14.33 32 32 32h464c8.84 0 16-7.16 16-16v-16c0-8.84-7.16-16-16-16zm-387.2-48h22.4c6.4 0 12.8-6.4 12.8-12.8v-70.4c0-6.4-6.4-12.8-12.8-12.8h-22.4c-6.4 0-12.8 6.4-12.8 12.8v70.4c0 6.4 6.4 12.8 12.8 12.8z\" class=\"\"><\/path><\/svg><\/i> &nbsp;21,215&nbsp;total views, &nbsp;54&nbsp;views today<\/p><div class=\"pvc_clear\"><\/div><div class=\"sharedaddy sd-sharing-enabled\"><div class=\"robots-nocontent sd-block sd-social sd-social-official sd-sharing\"><h3 class=\"sd-title\">Share this:<\/h3><div class=\"sd-content\"><ul><li class=\"share-twitter\"><a href=\"https:\/\/twitter.com\/share\" class=\"twitter-share-button\" data-url=\"https:\/\/motricidade.com\/efescola\/aptidao-fisica-fitescola\/\" data-text=\"Aptid\u00e3o F\u00edsica (FitEscola)\"  >Tweet<\/a><\/li><li class=\"share-facebook\"><div class=\"fb-share-button\" data-href=\"https:\/\/motricidade.com\/efescola\/aptidao-fisica-fitescola\/\" data-layout=\"button_count\"><\/div><\/li><li class=\"share-telegram\"><a rel=\"nofollow noopener noreferrer\" data-shared=\"\" class=\"share-telegram sd-button\" href=\"https:\/\/motricidade.com\/efescola\/aptidao-fisica-fitescola\/?share=telegram\" target=\"_blank\" title=\"Click to share on Telegram\" ><span>Telegram<\/span><\/a><\/li><li class=\"share-print\"><a rel=\"nofollow noopener noreferrer\" data-shared=\"\" class=\"share-print sd-button\" href=\"https:\/\/motricidade.com\/efescola\/aptidao-fisica-fitescola\/\" target=\"_blank\" title=\"Click to print\" ><span>Print<\/span><\/a><\/li><li class=\"share-pinterest\"><div class=\"pinterest_button\"><a href=\"https:\/\/www.pinterest.com\/pin\/create\/button\/?url=https%3A%2F%2Fmotricidade.com%2Fefescola%2Faptidao-fisica-fitescola%2F&#038;media=http%3A%2F%2Ffitescola.dge.mec.pt%2Fmedia%2FtestesImgs%2F10.jpg&#038;description=Aptid%C3%A3o%20F%C3%ADsica%20%28FitEscola%29\" data-pin-do=\"buttonPin\" data-pin-config=\"beside\"><img src=\"https:\/\/i0.wp.com\/assets.pinterest.com\/images\/pidgets\/pinit_fg_en_rect_gray_20.png?w=1170\" data-recalc-dims=\"1\" \/><\/a><\/div><\/li><li class=\"share-email\"><a rel=\"nofollow noopener noreferrer\" data-shared=\"\" class=\"share-email sd-button\" href=\"mailto:?subject=%5BShared%20Post%5D%20Aptid%C3%A3o%20F%C3%ADsica%20%28FitEscola%29&body=https%3A%2F%2Fmotricidade.com%2Fefescola%2Faptidao-fisica-fitescola%2F&share=email\" target=\"_blank\" title=\"Click to email a link to a friend\" data-email-share-error-title=\"Do you have email set up?\" data-email-share-error-text=\"If you&#039;re having problems sharing via email, you might not have email set up for your browser. You may need to create a new email yourself.\" data-email-share-nonce=\"1993128ac9\" data-email-share-track-url=\"https:\/\/motricidade.com\/efescola\/aptidao-fisica-fitescola\/?share=email\"><span>Email<\/span><\/a><\/li><li class=\"share-jetpack-whatsapp\"><a rel=\"nofollow noopener noreferrer\" data-shared=\"\" class=\"share-jetpack-whatsapp sd-button\" href=\"https:\/\/motricidade.com\/efescola\/aptidao-fisica-fitescola\/?share=jetpack-whatsapp\" target=\"_blank\" title=\"Click to share on WhatsApp\" ><span>WhatsApp<\/span><\/a><\/li><li class=\"share-linkedin\"><div class=\"linkedin_button\"><script type=\"in\/share\" data-url=\"https:\/\/motricidade.com\/efescola\/aptidao-fisica-fitescola\/\" data-counter=\"right\"><\/script><\/div><\/li><li class=\"share-end\"><\/li><\/ul><\/div><\/div><\/div>","protected":false},"excerpt":{"rendered":"<p>APTID\u00c3O AER\u00d3BIA CONSULTE AQUI A BATERIA DE TESTES. O FITescola\u00ae tem como um dos objetivos avaliar a aptid\u00e3o f\u00edsica e a atividade f\u00edsica de crian\u00e7as e adolescentes. Para o efeito, integra uma bateria de testes dividida em tr\u00eas \u00e1reas, a Aptid\u00e3o Aer\u00f3bia, a Composi\u00e7\u00e3o Corporal e a Aptid\u00e3o Muscular. APTID\u00c3O AER\u00d3BIA: Vaiv\u00e9m Milha COMPOSI\u00c7\u00c3O CORPORAL: [&hellip;]<\/p>\n<div class=\"pvc_clear\"><\/div>\n<p class=\"pvc_stats all \" data-element-id=\"821\" style=\"\"><i class=\"pvc-stats-icon medium\" aria-hidden=\"true\"><svg aria-hidden=\"true\" focusable=\"false\" data-prefix=\"far\" data-icon=\"chart-bar\" role=\"img\" xmlns=\"http:\/\/www.w3.org\/2000\/svg\" viewBox=\"0 0 512 512\" class=\"svg-inline--fa fa-chart-bar fa-w-16 fa-2x\"><path fill=\"currentColor\" d=\"M396.8 352h22.4c6.4 0 12.8-6.4 12.8-12.8V108.8c0-6.4-6.4-12.8-12.8-12.8h-22.4c-6.4 0-12.8 6.4-12.8 12.8v230.4c0 6.4 6.4 12.8 12.8 12.8zm-192 0h22.4c6.4 0 12.8-6.4 12.8-12.8V140.8c0-6.4-6.4-12.8-12.8-12.8h-22.4c-6.4 0-12.8 6.4-12.8 12.8v198.4c0 6.4 6.4 12.8 12.8 12.8zm96 0h22.4c6.4 0 12.8-6.4 12.8-12.8V204.8c0-6.4-6.4-12.8-12.8-12.8h-22.4c-6.4 0-12.8 6.4-12.8 12.8v134.4c0 6.4 6.4 12.8 12.8 12.8zM496 400H48V80c0-8.84-7.16-16-16-16H16C7.16 64 0 71.16 0 80v336c0 17.67 14.33 32 32 32h464c8.84 0 16-7.16 16-16v-16c0-8.84-7.16-16-16-16zm-387.2-48h22.4c6.4 0 12.8-6.4 12.8-12.8v-70.4c0-6.4-6.4-12.8-12.8-12.8h-22.4c-6.4 0-12.8 6.4-12.8 12.8v70.4c0 6.4 6.4 12.8 12.8 12.8z\" class=\"\"><\/path><\/svg><\/i> &nbsp;21,215&nbsp;total views, &nbsp;54&nbsp;views today<\/p>\n<div class=\"pvc_clear\"><\/div>\n<div class=\"sharedaddy sd-sharing-enabled\"><div class=\"robots-nocontent sd-block sd-social sd-social-official sd-sharing\"><h3 class=\"sd-title\">Share this:<\/h3><div class=\"sd-content\"><ul><li class=\"share-twitter\"><a href=\"https:\/\/twitter.com\/share\" class=\"twitter-share-button\" data-url=\"https:\/\/motricidade.com\/efescola\/aptidao-fisica-fitescola\/\" data-text=\"Aptid\u00e3o F\u00edsica (FitEscola)\"  >Tweet<\/a><\/li><li class=\"share-facebook\"><div class=\"fb-share-button\" data-href=\"https:\/\/motricidade.com\/efescola\/aptidao-fisica-fitescola\/\" data-layout=\"button_count\"><\/div><\/li><li class=\"share-telegram\"><a rel=\"nofollow noopener noreferrer\" data-shared=\"\" class=\"share-telegram sd-button\" href=\"https:\/\/motricidade.com\/efescola\/aptidao-fisica-fitescola\/?share=telegram\" target=\"_blank\" title=\"Click to share on Telegram\" ><span>Telegram<\/span><\/a><\/li><li class=\"share-print\"><a rel=\"nofollow noopener noreferrer\" data-shared=\"\" class=\"share-print sd-button\" href=\"https:\/\/motricidade.com\/efescola\/aptidao-fisica-fitescola\/\" target=\"_blank\" title=\"Click to print\" ><span>Print<\/span><\/a><\/li><li class=\"share-pinterest\"><div class=\"pinterest_button\"><a href=\"https:\/\/www.pinterest.com\/pin\/create\/button\/?url=https%3A%2F%2Fmotricidade.com%2Fefescola%2Faptidao-fisica-fitescola%2F&#038;media=http%3A%2F%2Ffitescola.dge.mec.pt%2Fmedia%2FtestesImgs%2F10.jpg&#038;description=Aptid%C3%A3o%20F%C3%ADsica%20%28FitEscola%29\" data-pin-do=\"buttonPin\" data-pin-config=\"beside\"><img src=\"\/\/assets.pinterest.com\/images\/pidgets\/pinit_fg_en_rect_gray_20.png\" \/><\/a><\/div><\/li><li class=\"share-email\"><a rel=\"nofollow noopener noreferrer\" data-shared=\"\" class=\"share-email sd-button\" href=\"mailto:?subject=%5BShared%20Post%5D%20Aptid%C3%A3o%20F%C3%ADsica%20%28FitEscola%29&body=https%3A%2F%2Fmotricidade.com%2Fefescola%2Faptidao-fisica-fitescola%2F&share=email\" target=\"_blank\" title=\"Click to email a link to a friend\" data-email-share-error-title=\"Do you have email set up?\" data-email-share-error-text=\"If you&#039;re having problems sharing via email, you might not have email set up for your browser. You may need to create a new email yourself.\" data-email-share-nonce=\"1993128ac9\" data-email-share-track-url=\"https:\/\/motricidade.com\/efescola\/aptidao-fisica-fitescola\/?share=email\"><span>Email<\/span><\/a><\/li><li class=\"share-jetpack-whatsapp\"><a rel=\"nofollow noopener noreferrer\" data-shared=\"\" class=\"share-jetpack-whatsapp sd-button\" href=\"https:\/\/motricidade.com\/efescola\/aptidao-fisica-fitescola\/?share=jetpack-whatsapp\" target=\"_blank\" title=\"Click to share on WhatsApp\" ><span>WhatsApp<\/span><\/a><\/li><li class=\"share-linkedin\"><div class=\"linkedin_button\"><script type=\"in\/share\" data-url=\"https:\/\/motricidade.com\/efescola\/aptidao-fisica-fitescola\/\" data-counter=\"right\"><\/script><\/div><\/li><li class=\"share-end\"><\/li><\/ul><\/div><\/div><\/div>","protected":false},"author":1,"featured_media":0,"parent":0,"menu_order":0,"comment_status":"closed","ping_status":"closed","template":"templates\/template_page-full-width.php","meta":{"advanced_seo_description":"","footnotes":""},"class_list":["post-821","page","type-page","status-publish","hentry"],"jetpack-related-posts":[{"id":11,"url":"https:\/\/motricidade.com\/efescola\/politica-de-privacidade\/","url_meta":{"origin":821,"position":0},"title":"Pol\u00edtica de privacidade","date":"Agosto 8, 2022","format":false,"excerpt":"Quem somos O endere\u00e7o do nosso site \u00e9: https:\/\/motricidade.com\/efescola. Coment\u00e1rios Quando os visitantes deixam coment\u00e1rios no site, s\u00e3o guardados os dados presentes no formul\u00e1rio dos coment\u00e1rios, bem como o endere\u00e7o de IP e o agente do utilizador do navegador, para ajudar com a detec\u00e7\u00e3o de spam. Uma string an\u00f3nima criada\u2026","rel":"","context":"Similar post","img":{"alt_text":"","src":"","width":0,"height":0},"classes":[]}],"jetpack_sharing_enabled":true,"_links":{"self":[{"href":"https:\/\/motricidade.com\/efescola\/wp-json\/wp\/v2\/pages\/821","targetHints":{"allow":["GET"]}}],"collection":[{"href":"https:\/\/motricidade.com\/efescola\/wp-json\/wp\/v2\/pages"}],"about":[{"href":"https:\/\/motricidade.com\/efescola\/wp-json\/wp\/v2\/types\/page"}],"author":[{"embeddable":true,"href":"https:\/\/motricidade.com\/efescola\/wp-json\/wp\/v2\/users\/1"}],"replies":[{"embeddable":true,"href":"https:\/\/motricidade.com\/efescola\/wp-json\/wp\/v2\/comments?post=821"}],"version-history":[{"count":9,"href":"https:\/\/motricidade.com\/efescola\/wp-json\/wp\/v2\/pages\/821\/revisions"}],"predecessor-version":[{"id":843,"href":"https:\/\/motricidade.com\/efescola\/wp-json\/wp\/v2\/pages\/821\/revisions\/843"}],"wp:attachment":[{"href":"https:\/\/motricidade.com\/efescola\/wp-json\/wp\/v2\/media?parent=821"}],"curies":[{"name":"wp","href":"https:\/\/api.w.org\/{rel}","templated":true}]}}