{"id":179,"date":"2025-11-14T10:59:22","date_gmt":"2025-11-14T10:59:22","guid":{"rendered":"https:\/\/motricidade.com\/professordeboccia\/?page_id=179"},"modified":"2025-12-03T16:05:32","modified_gmt":"2025-12-03T16:05:32","slug":"dossier-grupo-equipa-de-boccia-ano-letivo-2025-2026","status":"publish","type":"page","link":"https:\/\/motricidade.com\/professordeboccia\/","title":{"rendered":"Dossier Grupo Equipa de Boccia ano letivo &#8211; Desporto Escolar 2025\/2026"},"content":{"rendered":"\n<p><strong>Bem-vindo ao site de apoio aos professores do grupo equipa de Boccia!<\/strong><\/p>\n\n\n\n<p><br>Aqui, oferecemos recursos e estrat\u00e9gias para promover a inclus\u00e3o e o desenvolvimento de compet\u00eancias atrav\u00e9s do desporto.<\/p>\n\n\n\n<hr class=\"wp-block-separator has-alpha-channel-opacity\"\/>\n\n\n\n<p class=\"has-white-color has-luminous-vivid-orange-background-color has-text-color has-background has-link-color wp-elements-7e22213fe674a743935cad64fc6eab09\"><strong>Como come\u00e7ar a ensinar o Boccia?<\/strong><\/p>\n\n\n\n<hr class=\"wp-block-separator has-alpha-channel-opacity\"\/>\n\n\n\n<p>&#8211; &#8211; &#8211; Caderno T\u00e9cnico de de Boccia &#8211; Da Teoria \u00e0 Pr\u00e1tica [<a href=\"https:\/\/motricidade.com\/professordeboccia\/caderno-tecnico-teoria-e-pratica\" target=\"_blank\" rel=\"noreferrer noopener\">Saber Mais&#8230;<\/a>]<\/p>\n\n\n\n<hr class=\"wp-block-separator has-alpha-channel-opacity\"\/>\n\n\n\n<p class=\"has-white-color has-luminous-vivid-orange-background-color has-text-color has-background has-link-color wp-elements-2ccecaae0afb3cec01edb660f8f3fff7\">Regulamentos do Desporto Escolar 2025\/2026<\/p>\n\n\n\n<hr class=\"wp-block-separator has-alpha-channel-opacity\"\/>\n\n\n\n<p>&#8211; &#8211; &#8211; <strong>Regulamento da modalidade de Boccia, Desporto Escolar 2025\/2026<\/strong><\/p>\n\n\n\n<ul class=\"wp-block-list\">\n<li>&#8211; Regulamento Boccia 2025\/2026, 2025-2026 [pdf] [<a href=\"https:\/\/desportoescolar.dge.medu.pt\/sites\/default\/files\/RepositorioDocumentos\/2025\/regras-de-boccia-2-1.pdf\" target=\"_blank\" rel=\"noreferrer noopener\">Ver Aqui<\/a>]<\/li>\n\n\n\n<li>&#8211; Regulamento Espec\u00edfico de Boccia 2025-2026 [pdf] [<a href=\"https:\/\/desportoescolar.dge.medu.pt\/sites\/default\/files\/RepositorioDocumentos\/2025\/reboccia2526.pdf\" target=\"_blank\" rel=\"noreferrer noopener\">Ver Aqui<\/a>]<\/li>\n<\/ul>\n\n\n\n<hr class=\"wp-block-separator has-alpha-channel-opacity\"\/>\n\n\n\n<p class=\"has-white-color has-vivid-cyan-blue-background-color has-text-color has-background has-link-color wp-elements-dc8c56a97de7c7ed6f9eb426f7d4a4ee\"><strong>Plano Nacional de Forma\u00e7\u00e3o de Ju\u00edzes-\u00c1rbitros de Escolares (PNFJAE)<\/strong><\/p>\n\n\n\n<hr class=\"wp-block-separator has-alpha-channel-opacity\"\/>\n\n\n\n<p>&#8211; &#8211; &#8211; PNFJAE [Web]<strong>[<a href=\"https:\/\/desportoescolar.dge.medu.pt\/sites\/default\/files\/RepositorioDocumentos\/2025\/docapoioprofgeboccia.pdf\" target=\"_blank\" rel=\"noreferrer noopener\">Site (clicar aqui) Desporto Escolar<\/a>]<\/strong><\/p>\n\n\n\n<ul class=\"wp-block-list\">\n<li>&#8211; Regulamento de Funcionamento do PNFJAE 2025-2026 [Web] [<a href=\"https:\/\/desportoescolar.dge.medu.pt\/sites\/default\/files\/RepositorioDocumentos\/2025\/regulamento-de-funcionamento-pnfjae-2526_0.pdf\" target=\"_blank\" rel=\"noreferrer noopener\">Ver Aqui<\/a>]<\/li>\n\n\n\n<li>&#8211; Modelo Formativo PNFJAE. 2025\/2026 [PDF] [<a href=\"https:\/\/motricidade.com\/2025Boccia_files\/docsapoio\/2025-2026CartazProcedimentosPNFJAE.pdf\" target=\"_blank\" rel=\"noreferrer noopener\">Ver Aqui<\/a>]<br><\/li>\n<\/ul>\n\n\n\n<hr class=\"wp-block-separator has-alpha-channel-opacity\"\/>\n\n\n\n<p class=\"has-black-color has-luminous-vivid-amber-background-color has-text-color has-background has-link-color wp-elements-84f2b0ad5bce18857e726cf5e951b803\">Aten\u00e7\u00e3o!!! <strong>&#8212; PROTOCOLO DE FORMA\u00c7\u00c3O NA ESCOLA (Documentos de apoio \u00e0 forma\u00e7\u00e3o \/ Teste Te\u00f3rico N\u00edvel.1 \/ Registo Avalia\u00e7\u00e3o Te\u00f3rico e Pr\u00e1tio)<\/strong>. [Site Desporto Escolar] [<strong><a href=\"https:\/\/desportoescolar.dge.medu.pt\/sites\/default\/files\/RepositorioDocumentos\/2025\/pnfjaenivel1docapoioprofgeboccia.pdf\" target=\"_blank\" rel=\"noreferrer noopener\">Clicar Aqui<\/a><\/strong>] (pdf)<\/p>\n\n\n\n<p>&#8211; <strong>Drive com documentos em PowerPoint e Pdf com os conte\u00fados da Forma\u00e7\u00e3o [CLICAR AQUI para <a href=\"https:\/\/drive.google.com\/drive\/folders\/1Pc3ImvEC-RFA9Y1mNRKlEf5f0ydgL-ZF\" target=\"_blank\" rel=\"noreferrer noopener\">Entrar na Drive 2025-2026<\/a>]<\/strong><\/p>\n\n\n\n<hr class=\"wp-block-separator has-alpha-channel-opacity\"\/>\n\n\n\n<ul class=\"wp-block-list\">\n<li>&#8211; Modelo Formativo PNFJAE. 2025\/2026 [PDF] [<a href=\"https:\/\/motricidade.com\/2025Boccia_files\/docsapoio\/2025-2026CartazProcedimentosPNFJAE.pdf\" target=\"_blank\" rel=\"noreferrer noopener\">Ver Aqui<\/a>]<\/li>\n\n\n\n<li>&#8211; Boccia &#8211; Compromisso de Forma\u00e7\u00e3o N\u00edvel.2 [PDF] [<a href=\"https:\/\/desportoescolar.dge.medu.pt\/sites\/default\/files\/RepositorioDocumentos\/2024\/compromisso-formacaodebocciaee.pdf\" target=\"_blank\" rel=\"noreferrer noopener\">Ver Aqui<\/a>]<\/li>\n<\/ul>\n\n\n\n<hr class=\"wp-block-separator has-alpha-channel-opacity\"\/>\n\n\n\n<ul class=\"wp-block-list\">\n<li>&#8211; Regulamento Cart\u00e3o Branco Fair Play [<a href=\"https:\/\/desportoescolar.dge.medu.pt\/sites\/default\/files\/RepositorioDocumentos\/2023\/regulamentocartaobrancofairplay.pdf\" target=\"_blank\" rel=\"noreferrer noopener\">Ver Aqui<\/a>]<\/li>\n\n\n\n<li>&#8211; Formul\u00e1rio de registo do Cart\u00e3o Branco (2025-2026) [<a href=\"https:\/\/forms.office.com\/r\/1iNVwaQVVw\">Preencher Formul\u00e1rio<\/a>]<\/li>\n<\/ul>\n\n\n\n<hr class=\"wp-block-separator has-alpha-channel-opacity\"\/>\n\n\n\n<p class=\"has-white-color has-vivid-cyan-blue-background-color has-text-color has-background has-link-color wp-elements-37802d4ed928bd06ddb688f3406042fc\"><strong>Dia da Competi\u00e7\u00e3o \/ Encontro:<\/strong><\/p>\n\n\n\n<hr class=\"wp-block-separator has-alpha-channel-opacity\"\/>\n\n\n\n<p class=\"has-light-green-cyan-background-color has-background\">Nota: ao clicar em Download os ficheiros <strong>v\u00e3o ser enviados para o seu computador<\/strong>. Verifique a sua <strong>pasta de Transfer\u00eancia<\/strong>!<\/p>\n\n\n\n<hr class=\"wp-block-separator has-alpha-channel-opacity\"\/>\n\n\n\n<p>&#8212; <strong>Antes do Encontro\/Competi\u00e7\u00e3o:<\/strong><\/p>\n\n\n\n<ul class=\"wp-block-list\">\n<li>&#8211; \u201cCheck List\u201d geral (antes \/ durante \/depois) [Word] [<a href=\"https:\/\/motricidade.com\/2025Boccia_files\/docsapoio\/2025-2026_Exemplo_chekList.docx\" target=\"_blank\" rel=\"noreferrer noopener\">Download Aqui<\/a>]<\/li>\n\n\n\n<li>&#8211; Declara\u00e7\u00e3o de idoneidade [Word] [<a href=\"https:\/\/www.motricidade.com\/2025Boccia_files\/docsapoio\/declaracao_%20de_idoneidade.docx\" target=\"_blank\" rel=\"noreferrer noopener\">Download Aqui<\/a>] (levar tamb\u00e9m colete refletor e raquete de STOP).<br><\/li>\n\n\n\n<li>&#8211; Modelo de <strong>Ficha de inscri\u00e7\u00e3o no Encontro<\/strong> [Excel] [<a href=\"https:\/\/www.motricidade.com\/2025Boccia_files\/docsapoio\/Ficha_de_Inscricao_Boccia_vFinal_out2024.xlsx\" target=\"_blank\" rel=\"noreferrer noopener\">Download Aqui<\/a>]<br><br>&#8212; <strong>Refei\u00e7\u00f5es:<\/strong><br><\/li>\n\n\n\n<li class=\"has-black-color has-text-color has-link-color wp-elements-cd37625aca3dbbe0139123f9978c3c0c\">&#8211; Mapa de Refei\u00e7\u00f5es CLDE Coimbra [Excel]&nbsp;[<a href=\"https:\/\/motricidade.com\/2025Boccia_files\/docsapoio\/Mapa_deRefeicoes2025-2026-CLDECoimbra-29_Out_25.xlsx\" target=\"_blank\" rel=\"noreferrer noopener\">Download Aqui<\/a>] [update 18\/11\/2025]<br>(Nota: o organizador do evento junta todos os pedidos de almo\u00e7o, das v\u00e1rias escolas e envia para a CLDE de Coimbra).<br>&#8211; &#8220;<strong>os almo\u00e7os volantes dever\u00e3o ser requisitados nos bufetes de todas as escolas.<\/strong>\n<ul class=\"wp-block-list\">\n<li>&#8211; Uma vez que, este ano, os protocolos com os munic\u00edpios n\u00e3o foram formalizados, <strong>n\u00e3o ser\u00e1 poss\u00edvel a requisi\u00e7\u00e3o de almo\u00e7os volantes nos refeit\u00f3rios das escolas<\/strong>.<\/li>\n\n\n\n<li>&#8211; Refor\u00e7amos a necessidade do cumprimento impreter\u00edvel da informa\u00e7\u00e3o supracitada, devido aos constrangimentos que possam advir com os munic\u00edpios parceiros do Desporto Escolar.<\/li>\n\n\n\n<li>&#8211; Informamos ainda que alguns Quadros Competitivos de v\u00e1rias modalidades sofrer\u00e3o altera\u00e7\u00f5es, uma vez que, teremos que diminuir o n\u00famero de encontros de dia inteiro, devido a constrangimentos or\u00e7amentais previstos para este ano letivo.<\/li>\n\n\n\n<li class=\"has-black-color has-text-color has-link-color wp-elements-b3264c3d0f0aa6d52bb1b4a657c7b611\">&#8211; As situa\u00e7\u00f5es excecionais foram analisadas, caso a caso, pela CLDE de Coimbra, salvaguardando as Finais Locais e as caracter\u00edsticas de algumas modalidades&#8221;. in: CLDE Coimbra<br><br><br><br><strong>SOFTWARE de apoio ao Encontro:<\/strong><\/li>\n<\/ul>\n<\/li>\n\n\n\n<li>&#8211; Quadro Competitivo (Software de Gest\u00e3o) [Excel] [<a href=\"http:\/\/www.motricidade.com\/boccia\/DOCUMENTOS-APOIO-GERAL\/2019-2020MALA-de-PROVA\/QuadroCompetitivo_de_Boccia%20v1.1bWEB.zip\">Download Aqui<\/a>]<\/li>\n\n\n\n<li>&#8211; Quadro Electr\u00f3nico com contagem regressiva e pontua\u00e7\u00e3o [Excel] [<a href=\"https:\/\/forms.gle\/B2jZZnoJPHpFAErm7\" target=\"_blank\" rel=\"noreferrer noopener\">Download Aqui<\/a>]<\/li>\n\n\n\n<li>&#8211; Boletim de Jogo [Excel] [<a href=\"https:\/\/www.motricidade.com\/2025Boccia_files\/docsapoio\/FichaJogoBoccia.xlsx\" target=\"_blank\" rel=\"noreferrer noopener\">Download Aqui<\/a>]<\/li>\n\n\n\n<li>&#8211; Campo de Boccia (medidas do campo] [pdf] [<a href=\"http:\/\/motricidade.com\/boccia\/DOCUMENTOS-APOIO-GERAL\/campos\/Marcacao-dos-campos.pdf\" target=\"_blank\" rel=\"noreferrer noopener\">Download Aqui<\/a>]<br><br>&#8212; Plano de Organiza\u00e7\u00e3o:<br>Extra! Exemplo de um Plano de Organiza\u00e7\u00e3o de um Encontro de Boccia [Download Aqui]<\/li>\n<\/ul>\n\n\n\n<hr class=\"wp-block-separator has-alpha-channel-opacity\"\/>\n\n\n\n<p><strong>&#8212; Depois do Encontro\/Competi\u00e7\u00e3o<\/strong><\/p>\n\n\n\n<ul class=\"wp-block-list\">\n<li>&#8211; -Relat\u00f3rio para enviar para a CLDE [Excel] [<a href=\"https:\/\/motricidade.com\/2025Boccia_files\/docsapoio\/2025-2026-Relatorio_de_Atividade-Modalidade-Escola-Datav3.xlsx\" target=\"_blank\" rel=\"noreferrer noopener\">Download Aqui<\/a>]<br>&#8211; &#8220;<strong>Relat\u00f3rio de cada atividade\/encontro\/jornada<\/strong>, que dever\u00e1 ser e<strong>nviado para a CLDE at\u00e9 3 dias ap\u00f3s cada jornada\/encontro&nbsp;<\/strong>acompanhado da documenta\u00e7\u00e3o j\u00e1 referida nas reuni\u00f5es t\u00e9cnicas (<strong>Boletins de Jogo\/Ranking de Resultados<\/strong>; fotografia ou digitaliza\u00e7\u00e3o das&nbsp;<strong>Fichas dos Grupos\/Equipa participantes na jornada\/encontro<\/strong>, assinadas e carimbadas a \u00f3leo pelos\/as Diretores\/as;&nbsp;<strong>Fichas da Bolsa de \u00c1rbitros de cada AE\/EnA participantes<\/strong>, assinadas e carimbadas a \u00f3leo pelo\/a Diretor\/a)&#8221; in CLDE de Coimbra<\/li>\n<\/ul>\n\n\n\n<hr class=\"wp-block-separator has-alpha-channel-opacity\"\/>\n\n\n\n<ul class=\"wp-block-list\">\n<li>&#8211; Formul\u00e1rio de registo do Cart\u00e3o Branco (2025-2026) [<a href=\"https:\/\/forms.office.com\/r\/1iNVwaQVVw\">Preencher Formul\u00e1rio<\/a>]<br><\/li>\n<\/ul>\n\n\n\n<p class=\"has-white-color has-luminous-vivid-orange-background-color has-text-color has-background has-link-color wp-elements-b777275646de4b31cc27e5b053cdcfee\"><strong>Recorda\u00e7\u00f5es dos Encontros de Boccia<\/strong><\/p>\n\n\n\n<ul class=\"wp-block-list\">\n<li>Registos em v\u00eddeo [Youtube] [<a href=\"https:\/\/www.youtube.com\/channel\/UC7eZMkSm6LoUz2SPR2ROVeg\" target=\"_blank\" rel=\"noreferrer noopener\">Clicar aqui para visualizar<\/a>]<\/li>\n<\/ul>\n\n\n\n<p class=\"has-white-color has-pale-cyan-blue-background-color has-text-color has-background has-link-color wp-elements-0eedec2cef0966a3515b45c326fdf2c9\"><strong>Informa\u00e7\u00e3o sobre Boccia e Desporto Adpatado<\/strong><\/p>\n\n\n\n<ul class=\"wp-block-list\">\n<li>Site Motricidade Online Pesquisar Boccia [<a href=\"https:\/\/motricidade.com\/?s=Boccia\" target=\"_blank\" rel=\"noreferrer noopener\">link aqui<\/a>]<\/li>\n\n\n\n<li>Site: Motricidade Online &#8211; Boccia na Escola [<a href=\"https:\/\/motricidade.com\/bocciaescola\" target=\"_blank\" rel=\"noreferrer noopener\">link aqui<\/a>]<\/li>\n\n\n\n<li>Site Motricidade Online Reposit\u00f3rio &#8211; Desporto Adaptado [<a href=\"https:\/\/motricidade.com\/repositorio-deficiencia\" target=\"_blank\" rel=\"noreferrer noopener\">link aqui<\/a>]<\/li>\n\n\n\n<li>Site Motricidade Online Live Streaming World Boccia Cup 2025 [<a href=\"https:\/\/motricidade.com\/2025\/11\/11\/live-streaming-world-boccia-coimbra-2025\">link aqui<\/a>]<\/li>\n\n\n\n<li>Site Oficial do Desporto Escolar PNFJAE [<a href=\"https:\/\/desportoescolar.dge.medu.pt\/plano-nacional-de-formacao-de-juizes-arbitros-escolares\" target=\"_blank\" rel=\"noreferrer noopener\">link aqui<\/a>]<\/li>\n<\/ul>\n\n\n\n<p>Outros sites:<\/p>\n\n\n\n<ul class=\"wp-block-list\">\n<li>Desporto Escolar &#8211; FaceBook [<a href=\"https:\/\/www.facebook.com\/desportoescolar\/\" target=\"_blank\" rel=\"noreferrer noopener\">link aqui<\/a>]<\/li>\n\n\n\n<li>Desporto Escolar &#8211; Instagram @desportoescolar<\/li>\n\n\n\n<li>Desporto Escolar &#8211; X [<a href=\"https:\/\/x.com\/DEscolar_Port\">link aqui<\/a>]<\/li>\n\n\n\n<li>Desporto Escolar Youtube [<a href=\"http:\/\/www.youtube.com\/@DEdesportoescolar\" target=\"_blank\" rel=\"noreferrer noopener\">link aqui<\/a>]<\/li>\n\n\n\n<li>PCAND [<a href=\"https:\/\/pcand.pt\" target=\"_blank\" rel=\"noreferrer noopener\">link aqui<\/a>]<\/li>\n<\/ul>\n\n\n\n<p><\/p>\n\n\n\n<hr class=\"wp-block-separator has-alpha-channel-opacity\"\/>\n\n\n\n<p><strong>Motricidade Online Professores de Boccia na Escola agradece o contributo:<\/strong><\/p>\n\n\n\n<p><strong>Equipa de Formadores do PNFJAE: <\/strong>Catarina Frade (DSR Norte) | Joana Biel (DSR Centro)   | Joaquim Saraiva (DSR Alentejo) | Lu\u00eds Louren\u00e7o (DSR Lisboa e Vale do Tejo) | Miguel Pancas (DSR Centro) | Pedro Janeiro (DSR Algarve)<\/p>\n\n\n\n<p><strong>Coordenadores Nacionais da Modalidade de Boccia do Desporto Escolar:<\/strong> Jorge Parreira e Maria Jo\u00e3o Crespo<\/p>\n\n\n\n<p><\/p>\n\n\n<div class=\"wp-block-image\">\n<figure class=\"alignright size-large is-resized\"><a href=\"https:\/\/motricidade.com\"><img decoding=\"async\" src=\"https:\/\/motricidade.com\/wp-content\/uploads\/2022\/08\/logocommotricidade.gif\" alt=\"\" style=\"width:154px;height:auto\"\/><\/a><\/figure>\n<\/div> ","protected":false},"excerpt":{"rendered":"<p>Bem-vindo ao site de apoio aos professores do grupo equipa de Boccia! Aqui, oferecemos recursos e estrat\u00e9gias para promover a inclus\u00e3o e o desenvolvimento de compet\u00eancias atrav\u00e9s do desporto. Como come\u00e7ar a ensinar o Boccia? &#8211; &#8211; &#8211; Caderno T\u00e9cnico de de Boccia &#8211; Da Teoria \u00e0 Pr\u00e1tica [Saber Mais&#8230;] Regulamentos do Desporto Escolar 2025\/2026 [&hellip;]<\/p>\n","protected":false},"author":1,"featured_media":0,"parent":0,"menu_order":0,"comment_status":"closed","ping_status":"closed","template":"","meta":{"footnotes":""},"class_list":["post-179","page","type-page","status-publish","hentry"],"_links":{"self":[{"href":"https:\/\/motricidade.com\/professordeboccia\/wp-json\/wp\/v2\/pages\/179","targetHints":{"allow":["GET"]}}],"collection":[{"href":"https:\/\/motricidade.com\/professordeboccia\/wp-json\/wp\/v2\/pages"}],"about":[{"href":"https:\/\/motricidade.com\/professordeboccia\/wp-json\/wp\/v2\/types\/page"}],"author":[{"embeddable":true,"href":"https:\/\/motricidade.com\/professordeboccia\/wp-json\/wp\/v2\/users\/1"}],"replies":[{"embeddable":true,"href":"https:\/\/motricidade.com\/professordeboccia\/wp-json\/wp\/v2\/comments?post=179"}],"version-history":[{"count":78,"href":"https:\/\/motricidade.com\/professordeboccia\/wp-json\/wp\/v2\/pages\/179\/revisions"}],"predecessor-version":[{"id":307,"href":"https:\/\/motricidade.com\/professordeboccia\/wp-json\/wp\/v2\/pages\/179\/revisions\/307"}],"wp:attachment":[{"href":"https:\/\/motricidade.com\/professordeboccia\/wp-json\/wp\/v2\/media?parent=179"}],"curies":[{"name":"wp","href":"https:\/\/api.w.org\/{rel}","templated":true}]}}