{"id":27,"date":"2024-10-19T06:45:09","date_gmt":"2024-10-19T06:45:09","guid":{"rendered":"https:\/\/motricidade.com\/professordeboccia\/?page_id=27"},"modified":"2025-11-14T12:38:32","modified_gmt":"2025-11-14T12:38:32","slug":"caderno-tecnico-teoria-e-pratica","status":"publish","type":"page","link":"https:\/\/motricidade.com\/professordeboccia\/caderno-tecnico-teoria-e-pratica\/","title":{"rendered":"Teoria e Pr\u00e1tica: Caderno T\u00e9cnico"},"content":{"rendered":"<div class=\"wp-block-image\">\n<figure class=\"aligncenter size-full\"><img loading=\"lazy\" decoding=\"async\" width=\"206\" height=\"191\" src=\"https:\/\/motricidade.com\/professordeboccia\/wp-content\/uploads\/2024\/10\/logocommotricidade.gif\" alt=\"\" class=\"wp-image-119\"\/><\/figure>\n<\/div>\n\n\n<p class=\"has-text-align-left\">Este <strong>Caderno T\u00e9cnico \u00e9 uma ferramenta essencial para quem est\u00e1 a iniciar o ensino de Boccia na escola<\/strong>. Com uma base te\u00f3rica s\u00f3lida e pr\u00e1ticas pedag\u00f3gicas eficazes, oferece estrat\u00e9gias did\u00e1ticas que facilitam a cria\u00e7\u00e3o de aulas envolventes e inclusivas, promovendo o desenvolvimento motor, cognitivo e social dos alunos.<\/p>\n\n\n\n<p class=\"has-text-align-center\"><strong>Clicar em Play<\/strong>:<\/p>\n\n\n\n<figure class=\"wp-block-audio\"><audio controls src=\"https:\/\/motricidade.com\/PODCASTmotricidade\/Boccia_na_Escola__Estrat%C3%A9gia%2C_Inclus%C3%A3o_e_Exerc%C3%ADcios_do__Caderno.m4a\"><\/audio><\/figure>\n\n\n\n<div class=\"wp-block-columns is-layout-flex wp-container-core-columns-is-layout-9d6595d7 wp-block-columns-is-layout-flex\">\n<div class=\"wp-block-column is-layout-flow wp-block-column-is-layout-flow\" style=\"flex-basis:66.66%\">\n<figure class=\"wp-block-image size-large\"><img loading=\"lazy\" decoding=\"async\" width=\"1024\" height=\"387\" src=\"https:\/\/motricidade.com\/professordeboccia\/wp-content\/uploads\/2024\/10\/CadernoTecnico-1024x387.webp\" alt=\"\" class=\"wp-image-24\" srcset=\"https:\/\/motricidade.com\/professordeboccia\/wp-content\/uploads\/2024\/10\/CadernoTecnico-1024x387.webp 1024w, https:\/\/motricidade.com\/professordeboccia\/wp-content\/uploads\/2024\/10\/CadernoTecnico-300x113.webp 300w, https:\/\/motricidade.com\/professordeboccia\/wp-content\/uploads\/2024\/10\/CadernoTecnico-768x290.webp 768w, https:\/\/motricidade.com\/professordeboccia\/wp-content\/uploads\/2024\/10\/CadernoTecnico-1000x378.webp 1000w, https:\/\/motricidade.com\/professordeboccia\/wp-content\/uploads\/2024\/10\/CadernoTecnico-230x87.webp 230w, https:\/\/motricidade.com\/professordeboccia\/wp-content\/uploads\/2024\/10\/CadernoTecnico-350x132.webp 350w, https:\/\/motricidade.com\/professordeboccia\/wp-content\/uploads\/2024\/10\/CadernoTecnico-480x181.webp 480w, https:\/\/motricidade.com\/professordeboccia\/wp-content\/uploads\/2024\/10\/CadernoTecnico.webp 1170w\" sizes=\"auto, (max-width: 1024px) 100vw, 1024px\" \/><\/figure>\n<\/div>\n\n\n\n<div class=\"wp-block-column is-layout-flow wp-block-column-is-layout-flow\" style=\"flex-basis:33.33%\">\n<div class=\"wp-block-buttons is-layout-flex wp-block-buttons-is-layout-flex\">\n<div class=\"wp-block-button\"><a class=\"wp-block-button__link wp-element-button\" href=\"https:\/\/docs.google.com\/forms\/d\/e\/1FAIpQLSdyV51oseN1ARKQ00DvnEVbQrYpwA9Sk58wLZuyWKYG3SsSfg\/viewform\">Download Gr\u00e1tis [aqui]<\/a><\/div>\n<\/div>\n<\/div>\n<\/div>\n\n\n\n<div class=\"wp-block-columns is-layout-flex wp-container-core-columns-is-layout-9d6595d7 wp-block-columns-is-layout-flex\">\n<div class=\"wp-block-column is-layout-flow wp-block-column-is-layout-flow\"><\/div>\n\n\n\n<div class=\"wp-block-column is-layout-flow wp-block-column-is-layout-flow\"><\/div>\n<\/div>\n\n\n\n<div class=\"wp-block-columns is-layout-flex wp-container-core-columns-is-layout-9d6595d7 wp-block-columns-is-layout-flex\">\n<div class=\"wp-block-column is-layout-flow wp-block-column-is-layout-flow\">\n<figure class=\"wp-block-image size-full\"><img loading=\"lazy\" decoding=\"async\" width=\"793\" height=\"500\" src=\"https:\/\/motricidade.com\/professordeboccia\/wp-content\/uploads\/2024\/10\/imagem_2024-10-19_074211939.png\" alt=\"\" class=\"wp-image-28\" srcset=\"https:\/\/motricidade.com\/professordeboccia\/wp-content\/uploads\/2024\/10\/imagem_2024-10-19_074211939.png 793w, https:\/\/motricidade.com\/professordeboccia\/wp-content\/uploads\/2024\/10\/imagem_2024-10-19_074211939-300x189.png 300w, https:\/\/motricidade.com\/professordeboccia\/wp-content\/uploads\/2024\/10\/imagem_2024-10-19_074211939-768x484.png 768w, https:\/\/motricidade.com\/professordeboccia\/wp-content\/uploads\/2024\/10\/imagem_2024-10-19_074211939-230x145.png 230w, https:\/\/motricidade.com\/professordeboccia\/wp-content\/uploads\/2024\/10\/imagem_2024-10-19_074211939-350x221.png 350w, https:\/\/motricidade.com\/professordeboccia\/wp-content\/uploads\/2024\/10\/imagem_2024-10-19_074211939-480x303.png 480w\" sizes=\"auto, (max-width: 793px) 100vw, 793px\" \/><\/figure>\n<\/div>\n\n\n\n<div class=\"wp-block-column is-layout-flow wp-block-column-is-layout-flow\">\n<figure class=\"wp-block-image size-full\"><img loading=\"lazy\" decoding=\"async\" width=\"789\" height=\"496\" src=\"https:\/\/motricidade.com\/professordeboccia\/wp-content\/uploads\/2024\/10\/imagem_2024-10-19_074345473.png\" alt=\"\" class=\"wp-image-29\" srcset=\"https:\/\/motricidade.com\/professordeboccia\/wp-content\/uploads\/2024\/10\/imagem_2024-10-19_074345473.png 789w, https:\/\/motricidade.com\/professordeboccia\/wp-content\/uploads\/2024\/10\/imagem_2024-10-19_074345473-300x189.png 300w, https:\/\/motricidade.com\/professordeboccia\/wp-content\/uploads\/2024\/10\/imagem_2024-10-19_074345473-768x483.png 768w, https:\/\/motricidade.com\/professordeboccia\/wp-content\/uploads\/2024\/10\/imagem_2024-10-19_074345473-230x145.png 230w, https:\/\/motricidade.com\/professordeboccia\/wp-content\/uploads\/2024\/10\/imagem_2024-10-19_074345473-350x220.png 350w, https:\/\/motricidade.com\/professordeboccia\/wp-content\/uploads\/2024\/10\/imagem_2024-10-19_074345473-480x302.png 480w\" sizes=\"auto, (max-width: 789px) 100vw, 789px\" \/><\/figure>\n<\/div>\n<\/div>\n\n\n\n<div class=\"wp-block-columns is-layout-flex wp-container-core-columns-is-layout-9d6595d7 wp-block-columns-is-layout-flex\">\n<div class=\"wp-block-column is-layout-flow wp-block-column-is-layout-flow\">\n<figure class=\"wp-block-image size-full\"><img loading=\"lazy\" decoding=\"async\" width=\"720\" height=\"379\" src=\"https:\/\/motricidade.com\/professordeboccia\/wp-content\/uploads\/2024\/10\/imagem_2024-10-19_074638764.png\" alt=\"\" class=\"wp-image-33\" srcset=\"https:\/\/motricidade.com\/professordeboccia\/wp-content\/uploads\/2024\/10\/imagem_2024-10-19_074638764.png 720w, https:\/\/motricidade.com\/professordeboccia\/wp-content\/uploads\/2024\/10\/imagem_2024-10-19_074638764-300x158.png 300w, https:\/\/motricidade.com\/professordeboccia\/wp-content\/uploads\/2024\/10\/imagem_2024-10-19_074638764-230x121.png 230w, https:\/\/motricidade.com\/professordeboccia\/wp-content\/uploads\/2024\/10\/imagem_2024-10-19_074638764-350x184.png 350w, https:\/\/motricidade.com\/professordeboccia\/wp-content\/uploads\/2024\/10\/imagem_2024-10-19_074638764-480x253.png 480w\" sizes=\"auto, (max-width: 720px) 100vw, 720px\" \/><\/figure>\n<\/div>\n\n\n\n<div class=\"wp-block-column is-layout-flow wp-block-column-is-layout-flow\">\n<figure class=\"wp-block-image size-full\"><img loading=\"lazy\" decoding=\"async\" width=\"811\" height=\"377\" src=\"https:\/\/motricidade.com\/professordeboccia\/wp-content\/uploads\/2024\/10\/ebbok3.png\" alt=\"\" class=\"wp-image-34\" srcset=\"https:\/\/motricidade.com\/professordeboccia\/wp-content\/uploads\/2024\/10\/ebbok3.png 811w, https:\/\/motricidade.com\/professordeboccia\/wp-content\/uploads\/2024\/10\/ebbok3-300x139.png 300w, https:\/\/motricidade.com\/professordeboccia\/wp-content\/uploads\/2024\/10\/ebbok3-768x357.png 768w, https:\/\/motricidade.com\/professordeboccia\/wp-content\/uploads\/2024\/10\/ebbok3-230x107.png 230w, https:\/\/motricidade.com\/professordeboccia\/wp-content\/uploads\/2024\/10\/ebbok3-350x163.png 350w, https:\/\/motricidade.com\/professordeboccia\/wp-content\/uploads\/2024\/10\/ebbok3-480x223.png 480w\" sizes=\"auto, (max-width: 811px) 100vw, 811px\" \/><\/figure>\n<\/div>\n<\/div>\n\n\n\n<blockquote class=\"wp-block-quote is-layout-flow wp-block-quote-is-layout-flow\">\n<p>O trabalho Caderno T\u00e9cnico do professor de Boccia de&nbsp;<a href=\"http:\/\/motricidade.com\/boccia\/www.motricidade.com\/boccia\">Jos\u00e9 Catana e Lu\u00eds Miguel Pancas<\/a>&nbsp;est\u00e1 licenciado com uma Licen\u00e7a&nbsp;<a href=\"http:\/\/creativecommons.org\/licenses\/by-nc\/4.0\/\">Creative Commons \u2013 Atribui\u00e7\u00e3o-N\u00e3oComercial 4.0 Internacional<\/a>.<\/p>\n<\/blockquote>\n\n\n\n<div class=\"wp-block-columns is-layout-flex wp-container-core-columns-is-layout-9d6595d7 wp-block-columns-is-layout-flex\">\n<div class=\"wp-block-column is-layout-flow wp-block-column-is-layout-flow\"><\/div>\n\n\n\n<div class=\"wp-block-column is-layout-flow wp-block-column-is-layout-flow\">\n<div class=\"wp-block-buttons is-layout-flex wp-block-buttons-is-layout-flex\">\n<div class=\"wp-block-button\"><a class=\"wp-block-button__link wp-element-button\" href=\"https:\/\/docs.google.com\/forms\/d\/e\/1FAIpQLSdyV51oseN1ARKQ00DvnEVbQrYpwA9Sk58wLZuyWKYG3SsSfg\/viewform\">DownloaD Gr\u00e1tis [Aqui]<\/a><\/div>\n<\/div>\n<\/div>\n<\/div>\n\n\n\n<p>.<\/p>\n\n\n\n<blockquote class=\"wp-block-quote is-layout-flow wp-block-quote-is-layout-flow\">\n<p><\/p>\n<\/blockquote>\n\n\n\n<p><\/p>\n\n\n\n<div class=\"wp-block-columns is-layout-flex wp-container-core-columns-is-layout-9d6595d7 wp-block-columns-is-layout-flex\"><\/div>\n\n\n\n<p><\/p>\n ","protected":false},"excerpt":{"rendered":"<p>Este Caderno T\u00e9cnico \u00e9 uma ferramenta essencial para quem est\u00e1 a iniciar o ensino de Boccia na escola. Com uma base te\u00f3rica s\u00f3lida e pr\u00e1ticas pedag\u00f3gicas eficazes, oferece estrat\u00e9gias did\u00e1ticas que facilitam a cria\u00e7\u00e3o de aulas envolventes e inclusivas, promovendo o desenvolvimento motor, cognitivo e social dos alunos. Clicar em Play: O trabalho Caderno T\u00e9cnico [&hellip;]<\/p>\n","protected":false},"author":1,"featured_media":0,"parent":0,"menu_order":0,"comment_status":"closed","ping_status":"closed","template":"","meta":{"footnotes":""},"class_list":["post-27","page","type-page","status-publish","hentry"],"_links":{"self":[{"href":"https:\/\/motricidade.com\/professordeboccia\/wp-json\/wp\/v2\/pages\/27","targetHints":{"allow":["GET"]}}],"collection":[{"href":"https:\/\/motricidade.com\/professordeboccia\/wp-json\/wp\/v2\/pages"}],"about":[{"href":"https:\/\/motricidade.com\/professordeboccia\/wp-json\/wp\/v2\/types\/page"}],"author":[{"embeddable":true,"href":"https:\/\/motricidade.com\/professordeboccia\/wp-json\/wp\/v2\/users\/1"}],"replies":[{"embeddable":true,"href":"https:\/\/motricidade.com\/professordeboccia\/wp-json\/wp\/v2\/comments?post=27"}],"version-history":[{"count":10,"href":"https:\/\/motricidade.com\/professordeboccia\/wp-json\/wp\/v2\/pages\/27\/revisions"}],"predecessor-version":[{"id":223,"href":"https:\/\/motricidade.com\/professordeboccia\/wp-json\/wp\/v2\/pages\/27\/revisions\/223"}],"wp:attachment":[{"href":"https:\/\/motricidade.com\/professordeboccia\/wp-json\/wp\/v2\/media?parent=27"}],"curies":[{"name":"wp","href":"https:\/\/api.w.org\/{rel}","templated":true}]}}